{"id":3238,"date":"2021-01-22T13:39:42","date_gmt":"2021-01-22T12:39:42","guid":{"rendered":"https:\/\/www.txantxangorri.info\/?page_id=3238"},"modified":"2022-11-07T12:56:14","modified_gmt":"2022-11-07T11:56:14","slug":"politica-de-privacidad","status":"publish","type":"page","link":"https:\/\/www.txantxangorri.info\/es\/politica-de-privacidad\/","title":{"rendered":"Pol\u00edtica de privacidad"},"content":{"rendered":"<p>&nbsp;<\/p>\n<p><strong>Informaci\u00f3n sobre protecci\u00f3n de datos. Reglamento de Protecci\u00f3n de Datos UE 2016\/679 (GDPR) en vigor desde el 25 de mayo de 2018:<\/strong><\/p>\n<p>Responsable: Amaia Nu\u00f1ez Yarza y Otra C.B.-rena (Belako Comunicaci\u00f3n &amp; Publicidad), NIF: E75054312, Helbidea: Herriko Plaza 2, 20.270 Anoeta (Guip\u00fazcoa), Pa\u00eds Vasco. Telefonoa: (+34) 943 698 996, Email: txantxangorri@txantxangorri.info<\/p>\n<p>&nbsp;<\/p>\n<p>Amaia N\u00fa\u00f1ez Yarza y Otra C.B. tratar\u00e1 los datos personales que voluntariamente nos hayas facilitado como responsable del tratamiento para la gesti\u00f3n de los asuntos comerciales y administrativos necesarios con los clientes, as\u00ed como para la comunicaci\u00f3n de productos, servicios, noticias o hechos relacionados con nuestra empresa.<\/p>\n<p>&nbsp;<\/p>\n<p>La base jur\u00eddica que legitima el tratamiento es la declaraci\u00f3n de consentimiento del interesado.<\/p>\n<p>&nbsp;<\/p>\n<p>Mantendremos sus datos hasta que revoque su consentimiento o ejerza su derecho de cancelaci\u00f3n o oposici\u00f3n.<\/p>\n<p>&nbsp;<\/p>\n<p>El firmante garantiza la exactitud de los datos aportados y se compromete a comunicar cualquier modificaci\u00f3n.<\/p>\n<p>&nbsp;<\/p>\n<p>Para obtener informaci\u00f3n sobre los productos y servicios de Amaia N\u00fa\u00f1ez Yarza y Otra C.B. es necesario enviar datos personales para contactar.<\/p>\n<p>&nbsp;<\/p>\n<p>La no revelaci\u00f3n de los datos personales solicitados, o la no aceptaci\u00f3n de esta pol\u00edtica de protecci\u00f3n de datos, supone la no recepci\u00f3n, registro o suscripci\u00f3n de la informaci\u00f3n relativa a los productos y servicios de Amaia N\u00fa\u00f1ez Yarza y Otra C.B.<\/p>\n<p>&nbsp;<\/p>\n<p>Sus datos no ser\u00e1n facilitados a terceros sin su consentimiento, salvo en los casos previstos en la ley o en la aplicaci\u00f3n del resto de la legislaci\u00f3n que los regule.<\/p>\n<p>&nbsp;<\/p>\n<h2>Ejercicio de derechos<\/h2>\n<p>Puedes ejercitar los derechos de Criterios, Correcci\u00f3n, Cancelaci\u00f3n, L\u00edmite de Tratamiento, Transferencia de Datos y Oposici\u00f3n que figuran en el Reglamento dirigiendo una carta a Amaia N\u00fa\u00f1ez Yarza y Otra C.B., Herriko Plaza 2, 20.270 Anoeta (Gipuzkoa), indicando como tema \u00bb RGPD, derechos ARCO\u00bb, adjuntando una fotocopia de tu DNI. Tambi\u00e9n puedes enviar un email a la siguiente direcci\u00f3n: txantxangorri@txantxangorri.info.<\/p>\n<p>&nbsp;<\/p>\n<h2>Aceptaci\u00f3n y autorizaci\u00f3n<\/h2>\n<p>El usuario reconoce haber recibido informaci\u00f3n sobre las condiciones de protecci\u00f3n de datos de car\u00e1cter personal, en la forma y con los fines que se\u00f1ala esta pol\u00edtica de protecci\u00f3n de datos Amaia Nu\u00f1ez Yarza y Otra C.B., aceptando y autorizando su procesamiento.<\/p>\n<p>&nbsp;<\/p>\n<h2>Contenido web y enlaces<\/h2>\n<p>Amaia N\u00fa\u00f1ez Yarza y Otra C.B. se reserva el derecho de actualizar, modificar o eliminar la informaci\u00f3n de su p\u00e1gina web, pudiendo limitar o denegar el acceso al usuario.<\/p>\n<p>&nbsp;<\/p>\n<p>Amaia N\u00fa\u00f1ez Yarza y Otra C.B. no es responsable de la informaci\u00f3n que aparezca en las p\u00e1ginas de terceros a las que pueda acceder a trav\u00e9s de los enlaces de cualquier p\u00e1gina web propiedad de Amaia N\u00fa\u00f1ez Yarza y Otra C.B.<\/p>\n<p>&nbsp;<\/p>\n<p>Los enlaces o enlaces que aparecen en la web de Amaia N\u00fa\u00f1ez Yarza y Otra C.B. no tienen m\u00e1s finalidad que la informaci\u00f3n y no la sugerencia, invitaci\u00f3n o aceptaci\u00f3n de los mismos.<\/p>\n<p>&nbsp;<\/p>\n<h2>Propiedad intelectual e industrial<\/h2>\n<p>Los contenidos de las p\u00e1ginas web, su dise\u00f1o gr\u00e1fico y los derechos de propiedad intelectual de los c\u00f3digos pertenecen a Amaia N\u00fa\u00f1ez Yarza y Otra C.B., por lo que su reaparici\u00f3n, distribuci\u00f3n, comunicaci\u00f3n p\u00fablica, transformaci\u00f3n o cualquier otra actividad que se pueda realizar con los contenidos de las p\u00e1ginas est\u00e1 prohibida, aunque se mencione su origen, sin autorizaci\u00f3n escrita de Amaia N\u00fa\u00f1ez Yarza y Otra C.B.<\/p>\n<p>&nbsp;<\/p>\n<h2>Legislaci\u00f3n<\/h2>\n<p>En general, las relaciones entre Amaia N\u00fa\u00f1ez Yarza y Otra C.B. y los usuarios de los servicios electr\u00f3nicos de su p\u00e1gina web est\u00e1n sometidas a la legislaci\u00f3n y jurisdicci\u00f3n del Estado espa\u00f1ol.<\/p>\n<p>&nbsp;<\/p>\n","protected":false},"excerpt":{"rendered":"<p>&nbsp; Informaci\u00f3n sobre protecci\u00f3n de datos. Reglamento de Protecci\u00f3n de Datos UE 2016\/679 (GDPR) en vigor desde el 25 de mayo de 2018: Responsable: Amaia Nu\u00f1ez Yarza y Otra C.B.-rena (Belako Comunicaci\u00f3n &amp; Publicidad), NIF: E75054312, Helbidea: Herriko Plaza 2, 20.270 Anoeta (Guip\u00fazcoa), Pa\u00eds Vasco&#8230;.<\/p>\n","protected":false},"author":1,"featured_media":0,"parent":0,"menu_order":0,"comment_status":"closed","ping_status":"closed","template":"","meta":{"footnotes":""},"class_list":["post-3238","page","type-page","status-publish","hentry"],"_links":{"self":[{"href":"https:\/\/www.txantxangorri.info\/es\/wp-json\/wp\/v2\/pages\/3238","targetHints":{"allow":["GET"]}}],"collection":[{"href":"https:\/\/www.txantxangorri.info\/es\/wp-json\/wp\/v2\/pages"}],"about":[{"href":"https:\/\/www.txantxangorri.info\/es\/wp-json\/wp\/v2\/types\/page"}],"author":[{"embeddable":true,"href":"https:\/\/www.txantxangorri.info\/es\/wp-json\/wp\/v2\/users\/1"}],"replies":[{"embeddable":true,"href":"https:\/\/www.txantxangorri.info\/es\/wp-json\/wp\/v2\/comments?post=3238"}],"version-history":[{"count":4,"href":"https:\/\/www.txantxangorri.info\/es\/wp-json\/wp\/v2\/pages\/3238\/revisions"}],"predecessor-version":[{"id":4008,"href":"https:\/\/www.txantxangorri.info\/es\/wp-json\/wp\/v2\/pages\/3238\/revisions\/4008"}],"wp:attachment":[{"href":"https:\/\/www.txantxangorri.info\/es\/wp-json\/wp\/v2\/media?parent=3238"}],"curies":[{"name":"wp","href":"https:\/\/api.w.org\/{rel}","templated":true}]}}