{"id":3221,"date":"2021-01-22T13:16:14","date_gmt":"2021-01-22T12:16:14","guid":{"rendered":"https:\/\/www.txantxangorri.info\/?page_id=3221"},"modified":"2024-09-29T01:38:03","modified_gmt":"2024-09-29T00:38:03","slug":"aviso-legal","status":"publish","type":"page","link":"https:\/\/www.txantxangorri.info\/es\/aviso-legal\/","title":{"rendered":"Aviso legal"},"content":{"rendered":"<p>En cumplimiento de lo dispuesto en el art. 10 de la <a href=\"https:\/\/www.boe.es\/buscar\/act.php?id=BOE-A-2002-13758\" target=\"_blank\" rel=\"noopener\">Ley de Servicios de la sociedad de la informaci\u00f3n y comercio electr\u00f3nico<\/a> (LSSICE), se hace constar la siguiente informaci\u00f3n: el sitio web con nombre de dominio <a href=\"http:\/\/www.txantxangorri.info\">www.txantxangorri.info<\/a>, pertenece a Agurtzane N\u00fa\u00f1ez Yarza, con domicilio social en la calle <a href=\"https:\/\/maps.app.goo.gl\/vk3WbTe2tBV59pyT9\" target=\"_blank\" rel=\"noopener\">Herriko Plaza 2, 20.270 Anoeta (Guip\u00fazcoa)<\/a>, Euskal Herria; tel\u00e9fono: (+34) 943 698 996<\/p>\n<p>&nbsp;<\/p>\n<p>El sitio web <a href=\"http:\/\/www.txantxangorri.info\">www.txantxangorri.info<\/a> para el cumplimiento de su misi\u00f3n distribuye contenidos textuales, gr\u00e1ficos, audiovisuales, pl\u00e1sticos, inform\u00e1ticos y t\u00e9cnicos, correspondiendo el copyright de dichos contenidos a Agurtzane N\u00fa\u00f1ez Yarza, cuya utilizaci\u00f3n por parte del usuario est\u00e1 sujeta a las cl\u00e1usulas que sobre los derechos de propiedad intelectual se especifican en estas condiciones de uso. El acceso a dichos contenidos supone para el usuario la aceptaci\u00f3n de las condiciones que sobre propiedad intelectual, responsabilidad y protecci\u00f3n de datos personales se se\u00f1alan en estas condiciones de uso.<\/p>\n<p>&nbsp;<\/p>\n<h2>Derechos de propiedad intelectual<\/h2>\n<p>Los contenidos del sitio web <a href=\"http:\/\/www.txantxangorri.info\">www.txantxangorri.info<\/a> se consideran obras intelectuales y est\u00e1n protegidos por la <a href=\"https:\/\/www.boe.es\/buscar\/act.php?id=BOE-A-1996-8930\" target=\"_blank\" rel=\"noopener\">Ley de Propiedad Intelectual<\/a> nacional y europea vigente.<\/p>\n<p>Los contenidos del sitio web, tanto fotograf\u00edas como textos, tienen todos los derechos reservados.<\/p>\n<p>\u2022 Queda prohibida la reproducci\u00f3n total o parcial, distribuci\u00f3n, puesta a disposici\u00f3n, comunicaci\u00f3n p\u00fablica y utilizaci\u00f3n, total o parcial, de los contenidos de esta web, en cualquier forma o modalidad, sin previa, expresa y escrita autorizaci\u00f3n, incluyendo, en particular, su mera reproducci\u00f3n y\/o puesta a disposici\u00f3n como res\u00famenes, rese\u00f1as o revistas de prensa con fines comerciales o directa o indirectamente lucrativos.<br \/>\n\u2022 Queda prohibida la presentaci\u00f3n de p\u00e1ginas del Sitio Web y la inserci\u00f3n de im\u00e1genes difundidas en el Sitio Web en p\u00e1ginas no pertenecientes a la Sociedad (sea cual sea la t\u00e9cnica que se use para ello)<br \/>\nAgurtzane N\u00fa\u00f1ez Yarza informa a los usuarios de que, salvo autorizaci\u00f3n previa, expresa y por escrito, no concede licencia o autorizaci\u00f3n expresa o impl\u00edcita alguna sobre los derechos de propiedad intelectual y\/o industrial o sobre cualquier otro derecho o propiedad relacionada, directa o indirectamente, con los contenidos incluidos en <a href=\"http:\/\/www.txantxangorri.info\">Txantxangorri.info<\/a>, quedando prohibida cualquier alteraci\u00f3n o modificaci\u00f3n de los contenidos y de cualquier otro elemento del <a href=\"http:\/\/www.txantxangorri.info\">Txantxangorri.info<\/a>.<\/p>\n<p>&nbsp;<\/p>\n<p>Como excepci\u00f3n al p\u00e1rrafo anterior, ser\u00e1n de sus respectivos titulares los nombres comerciales, marcas y logotipos de las empresas anunciantes en el portal formativo, a los que quedan reservados los derechos de propiedad industrial. El uso de estos signos distintivos se realizar\u00e1 siempre solicitando autorizaci\u00f3n escrita al titular de los derechos de propiedad industrial.<\/p>\n<p>&nbsp;<\/p>\n<p>Condiciones para el establecimiento de enlaces al sitio web <a href=\"http:\/\/www.txantxangorri.info\">www.txantxangorri.info<\/a>. Los prestadores de servicios que deseen establecer hipertextos con el portal formativo <a href=\"http:\/\/www.txantxangorri.info\">www.txantxangorri.info<\/a>, podr\u00e1n solicitarlos en la siguiente direcci\u00f3n de correo electr\u00f3nico: <a href=\"mailto:txantxangorri@txantxangorri.info\">txantxangorri@txantxangorri.info<\/a>. De acuerdo con lo establecido en el art. 17.1. de la LSSICE el titular podr\u00e1 suprimir o inutilizar aquellos enlaces a contenidos o instrumentos de b\u00fasqueda en el caso de que la actividad o informaci\u00f3n que contengan sea il\u00edcita o lesionen bienes o derechos de terceros susceptibles de indemnizaci\u00f3n.<\/p>\n<p>&nbsp;<\/p>\n<h2>Responsabilidad<\/h2>\n<p>El titular del sitio web, Agurtzane Nu\u00f1ez Yarza, no se hace responsable del uso indebido o posibles infracciones que los usuarios puedan cometer de los elementos protegidos por la legislaci\u00f3n de propiedad intelectual as\u00ed como de la infracci\u00f3n de las condiciones de uso especificadas sobre esta materia.<\/p>\n<p>&nbsp;<\/p>\n<p>Agurtzane Nu\u00f1ez Yarza velar\u00e1 por la actualidad y exactitud de los contenidos educativos y de la informaci\u00f3n que integra el portal www.txantxangorri.info , siempre que se trate de informaci\u00f3n general, no referida a circunstancias espec\u00edficas relativas a personas o instituciones u organismos oficiales. Cuando se trate de opiniones vertidas por los autores de contenidos, Amaia Nu\u00f1ez Yarza y Otra C.B. declina toda responsabilidad, ya que no responde ni de su veracidad o exactitud ni de su integridad como responsable del sitio.<\/p>\n<p>&nbsp;<\/p>\n<p>Agurtzane Nu\u00f1ez Yarza no se hace responsable de los errores t\u00e9cnicos que en alg\u00fan momento puedan producirse en relaci\u00f3n al acceso, funcionamiento y operatividad de los servicios ofrecidos en el sitio web o en relaci\u00f3n a la interrupci\u00f3n o suspensi\u00f3n de dichos servicios por causas t\u00e9cnicas, fortuitas o de fuerza mayor no atribuibles al mismo.<\/p>\n<p>&nbsp;<\/p>\n<h2>Ley aplicable<\/h2>\n<p>Estas condiciones de uso han sido redactadas conforme a la legislaci\u00f3n espa\u00f1ola vigente, en concreto, conforme a la Ley de Servicios de la Sociedad de la Informaci\u00f3n y Comercio Electr\u00f3nico de 11 de julio de 2002, normas civiles y mercantiles espa\u00f1olas as\u00ed como normativa de protecci\u00f3n de datos personales y protecci\u00f3n de consumidores y usuarios.<\/p>\n<p>&nbsp;<\/p>\n<h2>M\u00e1s informaci\u00f3n<\/h2>\n<p>Pueden dirigirse, para cualquier solicitud de informaci\u00f3n adicional, sugerencia o propuesta, a la siguiente direcci\u00f3n de correo electr\u00f3nico <a href=\"mailto:txantxangorri@txantxangorri.info\">txantxangorri@txantxangorri.info<\/a> a los tel\u00e9fonos de atenci\u00f3n al usuario (+34) 943 698 996 o bien a la direcci\u00f3n postal calle: <a href=\"http:\/\/www.belako.info\" target=\"_blank\" rel=\"noopener\">Belako Publizitatea eta Komunikazioa<\/a> \u2013 <a href=\"https:\/\/maps.app.goo.gl\/vk3WbTe2tBV59pyT9\" target=\"_blank\" rel=\"noopener\">Herriko Plaza 2, 20.270 Anoeta (Guip\u00fazcoa<\/a>).<\/p>\n<p>&nbsp;<\/p>\n<h2>Datos de tr\u00e1fico y cookies<\/h2>\n<p>El sitio web de <a href=\"http:\/\/www.txantxangorri.info\">txantxangorri.info<\/a> utiliza cookies con la finalidad \u00fanica de facilitar y mejorar la navegaci\u00f3n del usuario. Una cookie es un archivo de texto que un servidor web puede dejar en el disco duro del usuario con el fin de identificarlo cuando \u00e9ste se vuelva a conectar. El sitio web de Belako s\u00f3lo leer\u00e1 las cookies generadas por \u00e9l mismo. Las cookies utilizadas por Belako se asocian \u00fanicamente a un usuario y un ordenador, no permitiendo el acceso a otros datos de car\u00e1cter personal. La mayor\u00eda de los navegadores aceptan la utilizaci\u00f3n de cookies de forma autom\u00e1tica, pero el usuario puede configurar su navegador para ser avisado en su pantalla de ordenador de la recepci\u00f3n de cookies y poder impedir su instalaci\u00f3n en su disco duro.<\/p>\n<p>&nbsp;<\/p>\n<p>Asimismo, y con la finalidad de ofrecer un mejor servicio a trav\u00e9s de este sitio, <a href=\"http:\/\/www.txantxangorri.info\">www.txantxangorri.info<\/a> registra la direcci\u00f3n IP, permiti\u00e9ndose as\u00ed el posterior procesamiento de los datos con el fin de analizar el n\u00famero de p\u00e1ginas visitadas, el n\u00famero de visitas, as\u00ed como la actividad de los visitantes de la web, y su frecuencia de utilizaci\u00f3n.<\/p>\n","protected":false},"excerpt":{"rendered":"<p>En cumplimiento de lo dispuesto en el art. 10 de la Ley de Servicios de la sociedad de la informaci\u00f3n y comercio electr\u00f3nico (LSSICE), se hace constar la siguiente informaci\u00f3n: el sitio web con nombre de dominio www.txantxangorri.info, pertenece a Agurtzane N\u00fa\u00f1ez Yarza, con domicilio&#8230;<\/p>\n","protected":false},"author":1,"featured_media":0,"parent":0,"menu_order":0,"comment_status":"closed","ping_status":"closed","template":"","meta":{"footnotes":""},"class_list":["post-3221","page","type-page","status-publish","hentry"],"_links":{"self":[{"href":"https:\/\/www.txantxangorri.info\/es\/wp-json\/wp\/v2\/pages\/3221","targetHints":{"allow":["GET"]}}],"collection":[{"href":"https:\/\/www.txantxangorri.info\/es\/wp-json\/wp\/v2\/pages"}],"about":[{"href":"https:\/\/www.txantxangorri.info\/es\/wp-json\/wp\/v2\/types\/page"}],"author":[{"embeddable":true,"href":"https:\/\/www.txantxangorri.info\/es\/wp-json\/wp\/v2\/users\/1"}],"replies":[{"embeddable":true,"href":"https:\/\/www.txantxangorri.info\/es\/wp-json\/wp\/v2\/comments?post=3221"}],"version-history":[{"count":4,"href":"https:\/\/www.txantxangorri.info\/es\/wp-json\/wp\/v2\/pages\/3221\/revisions"}],"predecessor-version":[{"id":5501,"href":"https:\/\/www.txantxangorri.info\/es\/wp-json\/wp\/v2\/pages\/3221\/revisions\/5501"}],"wp:attachment":[{"href":"https:\/\/www.txantxangorri.info\/es\/wp-json\/wp\/v2\/media?parent=3221"}],"curies":[{"name":"wp","href":"https:\/\/api.w.org\/{rel}","templated":true}]}}