{"id":3153,"date":"2021-01-21T11:29:37","date_gmt":"2021-01-21T10:29:37","guid":{"rendered":"https:\/\/www.txantxangorri.info\/publizitatea\/"},"modified":"2024-01-25T23:58:06","modified_gmt":"2024-01-25T22:58:06","slug":"publicidad","status":"publish","type":"page","link":"https:\/\/www.txantxangorri.info\/es\/publicidad\/","title":{"rendered":"Publicidad"},"content":{"rendered":"<div class=\"wpb-content-wrapper\"><p>[vc_row css_animation=\u00bb\u00bb row_type=\u00bbrow\u00bb use_row_as_full_screen_section=\u00bbno\u00bb type=\u00bbfull_width\u00bb angled_section=\u00bbno\u00bb text_align=\u00bbleft\u00bb background_image_as_pattern=\u00bbwithout_pattern\u00bb][vc_column width=\u00bb1\/2&#8243;][vc_column_text]<\/p>\n<h2>Tu publicidad en la revista Txantxangorri<\/h2>\n<p>[\/vc_column_text][vc_empty_space][vc_column_text]Poniendo publicidad en la revista Txantxangorri llegar\u00e1s a miles de lectores y clientes potenciales todos los meses.<\/p>\n<p>&nbsp;<\/p>\n<p>La revista Txantxangorri se reparte gratuitamente en comercios, bares y restaurantes, y tambi\u00e9n a los suscriptores, a los que les llegada directamente a su casa. Repartimos 3.000 ejemplares todos los meses, con los que llegamos a m\u00e1s de 10.000 lectores.<\/p>\n<p>&nbsp;<\/p>\n<p>Nuestro centro est\u00e1 en Tolosaldea, pero llegamos a m\u00e1s de 40 municipios de Gipuzkoa, tambi\u00e9n a algunos de Navarra, como Leitza y Lekumberri. Pod\u00e9is encontrar la revista en m\u00e1s de 250 tiendas.<\/p>\n<p>&nbsp;<\/p>\n<p>Asimismo, durante todo el a\u00f1o organizamos el Reto Fotogr\u00e1fico en nuestras p\u00e1ginas centrales, y cada vez son mas los lectores que participan.<\/p>\n<p>&nbsp;<\/p>\n<p>Anunciarse en Txantxangorri est\u00e1 al alcance de cualquier empresa. Tenemos lectores fieles y comprometidos, que buscan mes a mes la revista para leerla y, en muchos casos, guardarla en su biblioteca personal. Por lo tanto, es especialmente apropiado para empresas y comercios locales o provinciales.<\/p>\n<p>Txantxangorri es una revista cercana y de confianza para todos nuestros lectores, unas caracter\u00edsticas que tambi\u00e9n perciben en nuestros anunciantes.<\/p>\n<p>&nbsp;<\/p>\n<p>Por otra parte, si tienes una tienda o comercio y quieres que dejemos la revista para ofrecer a tus clientes, ponte en <a href=\"https:\/\/www.txantxangorri.info\/es\/contacto\/\">contacto<\/a> con nosotros. Tenemos ofertas especiales para los que contratan la publicidad para todo el a\u00f1o.[\/vc_column_text][\/vc_column][vc_column width=\u00bb1\/2&#8243;][\/vc_column][\/vc_row][vc_row css_animation=\u00bb\u00bb row_type=\u00bbrow\u00bb use_row_as_full_screen_section=\u00bbno\u00bb type=\u00bbfull_width\u00bb angled_section=\u00bbno\u00bb text_align=\u00bbleft\u00bb background_image_as_pattern=\u00bbwithout_pattern\u00bb css=\u00bb.vc_custom_1611225771422{margin-top: 5% !important;}\u00bb z_index=\u00bb\u00bb][vc_column width=\u00bb1\/4&#8243; css=\u00bb.vc_custom_1611227409793{padding-top: 5% !important;padding-right: 10% !important;padding-bottom: 5% !important;padding-left: 10% !important;}\u00bb][vc_row_inner row_type=\u00bbrow\u00bb type=\u00bbfull_width\u00bb text_align=\u00bbleft\u00bb css_animation=\u00bb\u00bb css=\u00bb.vc_custom_1611227375813{border-top-width: 1px !important;border-right-width: 1px !important;border-bottom-width: 1px !important;border-left-width: 1px !important;padding-top: 10% !important;padding-bottom: 5% !important;border-left-color: #eaeaea !important;border-left-style: solid !important;border-right-color: #eaeaea !important;border-right-style: solid !important;border-top-color: #eaeaea !important;border-top-style: solid !important;border-bottom-color: #eaeaea !important;border-bottom-style: solid !important;}\u00bb][vc_column_inner]<span data-type=\"normal\"  class=\"qode_icon_shortcode  q_font_awsome_icon fa-3x pull-center q_icon_animation\" style=\" \"><i class=\"qode_icon_font_awesome fa fa-newspaper-o qode_icon_element\" style=\"font-size: 48px;\" ><\/i><\/span><div class=\"q_counter_holder  center\" style=\"\" data-digit=\"3000\"><span class=\"counter  zero\" style=\"font-size: 36px;font-weight: 700 Bold;\">3000<\/span><span class=\"separator small\" style=\"\"><\/span><p class=\"counter_text\" style=\"font-size: 36px;font-weight: 700 Bold;text-transform: capitalize;\">Ejemplares<\/p><\/div>[\/vc_column_inner][\/vc_row_inner][\/vc_column][vc_column width=\u00bb1\/4&#8243; css=\u00bb.vc_custom_1611227415966{padding-top: 5% !important;padding-right: 10% !important;padding-bottom: 5% !important;padding-left: 10% !important;}\u00bb][vc_row_inner row_type=\u00bbrow\u00bb type=\u00bbfull_width\u00bb text_align=\u00bbleft\u00bb css_animation=\u00bb\u00bb css=\u00bb.vc_custom_1611227383033{border-top-width: 1px !important;border-right-width: 1px !important;border-bottom-width: 1px !important;border-left-width: 1px !important;padding-top: 10% !important;padding-bottom: 5% !important;border-left-color: #eaeaea !important;border-left-style: solid !important;border-right-color: #eaeaea !important;border-right-style: solid !important;border-top-color: #eaeaea !important;border-top-style: solid !important;border-bottom-color: #eaeaea !important;border-bottom-style: solid !important;}\u00bb][vc_column_inner]<span data-type=\"normal\"  class=\"qode_icon_shortcode  q_font_awsome_icon fa-3x pull-center q_icon_animation\" style=\" \"><i class=\"qode_icon_font_awesome fa fa-users qode_icon_element\" style=\"font-size: 48px;\" ><\/i><\/span><div class=\"q_counter_holder  center\" style=\"\" data-digit=\"10000\"><span class=\"counter  zero\" style=\"font-size: 36px;font-weight: 700 Bold;\">10000<\/span><span class=\"separator small\" style=\"\"><\/span><p class=\"counter_text\" style=\"font-size: 36px;font-weight: 700 Bold;text-transform: capitalize;\">Lectores<\/p><\/div>[\/vc_column_inner][\/vc_row_inner][\/vc_column][vc_column width=\u00bb1\/4&#8243; css=\u00bb.vc_custom_1611227421451{padding-top: 5% !important;padding-right: 10% !important;padding-bottom: 5% !important;padding-left: 10% !important;}\u00bb][vc_row_inner row_type=\u00bbrow\u00bb type=\u00bbfull_width\u00bb text_align=\u00bbleft\u00bb css_animation=\u00bb\u00bb css=\u00bb.vc_custom_1611227388681{border-top-width: 1px !important;border-right-width: 1px !important;border-bottom-width: 1px !important;border-left-width: 1px !important;padding-top: 10% !important;padding-bottom: 5% !important;border-left-color: #eaeaea !important;border-left-style: solid !important;border-right-color: #eaeaea !important;border-right-style: solid !important;border-top-color: #eaeaea !important;border-top-style: solid !important;border-bottom-color: #eaeaea !important;border-bottom-style: solid !important;}\u00bb][vc_column_inner]<span data-type=\"normal\"  class=\"qode_icon_shortcode  q_font_awsome_icon fa-3x pull-center q_icon_animation\" style=\" \"><i class=\"qode_icon_font_awesome fa fa-map-signs qode_icon_element\" style=\"font-size: 48px;\" ><\/i><\/span><div class=\"q_counter_holder  center\" style=\"\" data-digit=\"40\"><span class=\"counter  zero\" style=\"font-size: 36px;font-weight: 700 Bold;\">40<\/span><span class=\"separator small\" style=\"\"><\/span><p class=\"counter_text\" style=\"font-size: 36px;font-weight: 700 Bold;text-transform: capitalize;\">Municipios<\/p><\/div>[\/vc_column_inner][\/vc_row_inner][\/vc_column][vc_column width=\u00bb1\/4&#8243; css=\u00bb.vc_custom_1611227426970{padding-top: 5% !important;padding-right: 10% !important;padding-bottom: 5% !important;padding-left: 10% !important;}\u00bb][vc_row_inner row_type=\u00bbrow\u00bb type=\u00bbfull_width\u00bb text_align=\u00bbleft\u00bb css_animation=\u00bb\u00bb css=\u00bb.vc_custom_1611227393177{border-top-width: 1px !important;border-right-width: 1px !important;border-bottom-width: 1px !important;border-left-width: 1px !important;padding-top: 10% !important;padding-bottom: 5% !important;border-left-color: #eaeaea !important;border-left-style: solid !important;border-right-color: #eaeaea !important;border-right-style: solid !important;border-top-color: #eaeaea !important;border-top-style: solid !important;border-bottom-color: #eaeaea !important;border-bottom-style: solid !important;}\u00bb][vc_column_inner]<span data-type=\"normal\"  class=\"qode_icon_shortcode  q_font_awsome_icon fa-3x pull-center q_icon_animation\" style=\" \"><i class=\"qode_icon_font_awesome fa fa-shopping-bag qode_icon_element\" style=\"font-size: 48px;\" ><\/i><\/span><div class=\"q_counter_holder  center\" style=\"\" data-digit=\"250\"><span class=\"counter  zero\" style=\"font-size: 36px;font-weight: 700 Bold;\">250<\/span><span class=\"separator small\" style=\"\"><\/span><p class=\"counter_text\" style=\"font-size: 36px;font-weight: 700 Bold;text-transform: capitalize;\">Tiendas<\/p><\/div>[\/vc_column_inner][\/vc_row_inner][\/vc_column][\/vc_row][vc_row css_animation=\u00bb\u00bb row_type=\u00bbrow\u00bb use_row_as_full_screen_section=\u00bbyes\u00bb type=\u00bbfull_width\u00bb angled_section=\u00bbno\u00bb text_align=\u00bbcenter\u00bb background_image_as_pattern=\u00bbwithout_pattern\u00bb css=\u00bb.vc_custom_1611227458298{margin-top: 5% !important;margin-bottom: 5% !important;padding-top: 10% !important;padding-right: 10% !important;padding-bottom: 10% !important;padding-left: 10% !important;background-color: #eaeaea !important;}\u00bb z_index=\u00bb\u00bb][vc_column][vc_column_text]<\/p>\n<h2 style=\"text-align: center;\">Para m\u00e1s informaci\u00f3n, consultar tarifas o contratar anuncios, ponte en <a href=\"https:\/\/www.txantxangorri.info\/es\/contacto\/\">contacto<\/a> con nosotros<\/h2>\n<p>&nbsp;<\/p>\n<p style=\"text-align: center;\"><a href=\"mailto:txantxangorri@txantxangorri.info\">txantxangorri@txantxangorri.info<\/a><\/p>\n<p>&nbsp;<\/p>\n<p style=\"text-align: center;\"><a href=\"tel:0034943698996\" target=\"_blank\" rel=\"noopener\" data-schema-attribute=\"\">943 698 996<\/a><\/p>\n<p>&nbsp;<\/p>\n<p style=\"text-align: center;\"><a href=\"tel:0034660913777\" target=\"_blank\" rel=\"noopener\" data-schema-attribute=\"\">660 913 777<\/a><\/p>\n<p>[\/vc_column_text][vc_empty_space]\n\n\t<a href=\"https:\/\/www.txantxangorri.info\/es\/contacto\/\" target=\"_self\"  class=\"qode-btn qode-btn-medium qode-btn-solid qode-btn-default-hover\"  >\n\t    <span class=\"qode-btn-text\">Contacto<\/span>\t<\/a>\n\n[\/vc_column][\/vc_row]<\/p>\n<\/div>","protected":false},"excerpt":{"rendered":"<p>[vc_row css_animation=\u00bb\u00bb row_type=\u00bbrow\u00bb use_row_as_full_screen_section=\u00bbno\u00bb type=\u00bbfull_width\u00bb angled_section=\u00bbno\u00bb text_align=\u00bbleft\u00bb background_image_as_pattern=\u00bbwithout_pattern\u00bb][vc_column width=\u00bb1\/2&#8243;][vc_column_text] Tu publicidad en la revista Txantxangorri [\/vc_column_text][vc_empty_space][vc_column_text]Poniendo publicidad en la revista Txantxangorri llegar\u00e1s a miles de lectores y clientes potenciales todos los meses. &nbsp; La revista Txantxangorri se reparte gratuitamente en comercios, bares y restaurantes, y&#8230;<\/p>\n","protected":false},"author":1,"featured_media":0,"parent":0,"menu_order":0,"comment_status":"closed","ping_status":"closed","template":"","meta":{"footnotes":""},"class_list":["post-3153","page","type-page","status-publish","hentry"],"_links":{"self":[{"href":"https:\/\/www.txantxangorri.info\/es\/wp-json\/wp\/v2\/pages\/3153","targetHints":{"allow":["GET"]}}],"collection":[{"href":"https:\/\/www.txantxangorri.info\/es\/wp-json\/wp\/v2\/pages"}],"about":[{"href":"https:\/\/www.txantxangorri.info\/es\/wp-json\/wp\/v2\/types\/page"}],"author":[{"embeddable":true,"href":"https:\/\/www.txantxangorri.info\/es\/wp-json\/wp\/v2\/users\/1"}],"replies":[{"embeddable":true,"href":"https:\/\/www.txantxangorri.info\/es\/wp-json\/wp\/v2\/comments?post=3153"}],"version-history":[{"count":5,"href":"https:\/\/www.txantxangorri.info\/es\/wp-json\/wp\/v2\/pages\/3153\/revisions"}],"predecessor-version":[{"id":5276,"href":"https:\/\/www.txantxangorri.info\/es\/wp-json\/wp\/v2\/pages\/3153\/revisions\/5276"}],"wp:attachment":[{"href":"https:\/\/www.txantxangorri.info\/es\/wp-json\/wp\/v2\/media?parent=3153"}],"curies":[{"name":"wp","href":"https:\/\/api.w.org\/{rel}","templated":true}]}}