{"id":2927,"date":"2020-07-23T12:56:54","date_gmt":"2020-07-23T10:56:54","guid":{"rendered":"https:\/\/www.txantxangorri.info\/harremanetarako\/"},"modified":"2024-09-29T01:34:49","modified_gmt":"2024-09-29T00:34:49","slug":"contacto","status":"publish","type":"page","link":"https:\/\/www.txantxangorri.info\/es\/contacto\/","title":{"rendered":"Contacto"},"content":{"rendered":"<div class=\"wpb-content-wrapper\"><p>[vc_row css_animation=\u00bb\u00bb row_type=\u00bbrow\u00bb use_row_as_full_screen_section=\u00bbno\u00bb type=\u00bbfull_width\u00bb angled_section=\u00bbno\u00bb text_align=\u00bbleft\u00bb background_image_as_pattern=\u00bbwithout_pattern\u00bb][vc_column width=\u00bb1\/2&#8243;][vc_column_text]<\/p>\n<h2>\u00bfQuieres ponerte en contacto con nosotr@s?<\/h2>\n<p>[\/vc_column_text][vc_empty_space][vc_column_text]Puedes contactar con nosotros a trav\u00e9s de diferentes medios. Si tienes dudas, preguntas, sugerencias, o incluso alguna cr\u00edtica escr\u00edbenos o ll\u00e1manos sin ning\u00fan compromiso, y te responderemos en cuanto nos sea posible.[\/vc_column_text][vc_empty_space][vc_column_text]<a href=\"https:\/\/server3.hamaikaweb.net:8443\/smb\/email-address\/edit\/id\/85\/domainId\/30\" target=\"_blank\" rel=\"noopener\">txantxangorri@txantxangorri.info<\/a><\/p>\n<p>&nbsp;<\/p>\n<p>+34 943 698 996<\/p>\n<p>+34 660 913 777<\/p>\n<p>&nbsp;<\/p>\n<p>Herriko Plaza 2, bajo,<br \/>\n20270 Anoeta (Gipuzkoa)[\/vc_column_text][vc_column_text css=\u00bb.vc_custom_1607540969285{margin-top: 5% !important;}\u00bb]<\/p>\n<h3>Horario de oficina<\/h3>\n<p>[\/vc_column_text][vc_zigzag color=\u00bbcustom\u00bb align=\u00bbleft\u00bb el_width=\u00bb20&#8243;][vc_column_text]Astelehenetik ostiralera: 9:30-13:00 eta 16:30-19:30[\/vc_column_text][vc_row_inner row_type=\u00bbrow\u00bb type=\u00bbfull_width\u00bb text_align=\u00bbleft\u00bb css_animation=\u00bb\u00bb css=\u00bb.vc_custom_1611169558937{margin-top: 5% !important;}\u00bb][vc_column_inner width=\u00bb1\/2&#8243;][vc_column_text css=\u00bb.vc_custom_1611168976797{margin-top: 5% !important;}\u00bb]<\/p>\n<h3>S\u00edguenos en las redes<\/h3>\n<p>[\/vc_column_text][vc_zigzag color=\u00bbcustom\u00bb align=\u00bbleft\u00bb el_width=\u00bb20&#8243;]<span class='q_social_icon_holder circle_social' data-color=#ffffff data-hover-background-color=#4f9eda data-hover-color=#ffffff><a itemprop=\"url\" href=\"https:\/\/twitter.com\/txantxangorri_a\" target=\"_blank\" rel=\"noopener\"><span class='fa-stack ' style='background-color: #55acee;font-size: 25px;'><span aria-hidden=\"true\" class=\"qode_icon_font_elegant social_twitter \" style=\"color: #ffffff;font-size: 14px;\" ><\/span><\/span><\/a><\/span><span class='q_social_icon_holder circle_social' data-color=#ffffff data-hover-background-color=#324c82 data-hover-color=#ffffff><a itemprop=\"url\" href=\"https:\/\/www.facebook.com\/txantxangorri.aldizkaria\" target=\"_blank\" rel=\"noopener\"><span class='fa-stack ' style='background-color: #3b5998;font-size: 25px;'><span aria-hidden=\"true\" class=\"qode_icon_font_elegant social_facebook \" style=\"color: #ffffff;font-size: 14px;\" ><\/span><\/span><\/a><\/span><span class='q_social_icon_holder circle_social' data-color=#ffffff data-hover-background-color=#ea17dc ><a itemprop=\"url\" href=\"http:\/\/www.instagram.com\/txantxangorrialdizkaria\" target=\"_blank\" rel=\"noopener\"><span class='fa-stack ' style='background-color: #ea17dc;font-size: 25px;'><i class=\"qode_icon_font_awesome fa fa-instagram \" style=\"color: #ffffff;font-size: 14px;\" ><\/i><\/span><\/a><\/span>[\/vc_column_inner][vc_column_inner width=\u00bb1\/2&#8243;][vc_column_text css=\u00bb.vc_custom_1611169160761{margin-top: 5% !important;}\u00bb]<\/p>\n<h3>L\u00e9enos en<\/h3>\n<p>[\/vc_column_text][vc_zigzag color=\u00bbcustom\u00bb align=\u00bbleft\u00bb el_width=\u00bb20&#8243;][vc_single_image image=\u00bb3114&#8243; img_size=\u00bbfull\u00bb onclick=\u00bbcustom_link\u00bb img_link_target=\u00bb_blank\u00bb qode_css_animation=\u00bb\u00bb link=\u00bbhttps:\/\/issuu.com\/txantxangorri_aldizkaria\u00bb][\/vc_column_inner][\/vc_row_inner][\/vc_column][vc_column width=\u00bb1\/2&#8243; css=\u00bb.vc_custom_1611228564574{padding: 5% !important;background-color: #eaeaea !important;}\u00bb][vc_column_text]<\/p>\n<h3>Escr\u00edbenos un mensaje rellenando el siguiente formulario:<\/h3>\n<p>[\/vc_column_text][vc_empty_space][vc_column_text]\n<div class=\"wpcf7 no-js\" id=\"wpcf7-f2931-o1\" lang=\"es-ES\" dir=\"ltr\" data-wpcf7-id=\"2931\">\n<div class=\"screen-reader-response\"><p role=\"status\" aria-live=\"polite\" aria-atomic=\"true\"><\/p> <ul><\/ul><\/div>\n<form action=\"\/es\/wp-json\/wp\/v2\/pages\/2927#wpcf7-f2931-o1\" method=\"post\" class=\"wpcf7-form init\" aria-label=\"Formulario de contacto\" novalidate=\"novalidate\" data-status=\"init\">\n<fieldset class=\"hidden-fields-container\"><input type=\"hidden\" name=\"_wpcf7\" value=\"2931\" \/><input type=\"hidden\" name=\"_wpcf7_version\" value=\"6.1.5\" \/><input type=\"hidden\" name=\"_wpcf7_locale\" value=\"es_ES\" \/><input type=\"hidden\" name=\"_wpcf7_unit_tag\" value=\"wpcf7-f2931-o1\" \/><input type=\"hidden\" name=\"_wpcf7_container_post\" value=\"0\" \/><input type=\"hidden\" name=\"_wpcf7_posted_data_hash\" value=\"\" \/><input type=\"hidden\" name=\"_wpcf7_recaptcha_response\" value=\"\" \/>\n<\/fieldset>\n<p><label> Tu nombre *<br \/>\n<span class=\"wpcf7-form-control-wrap\" data-name=\"your-name\"><input size=\"40\" maxlength=\"400\" class=\"wpcf7-form-control wpcf7-text wpcf7-validates-as-required\" aria-required=\"true\" aria-invalid=\"false\" value=\"\" type=\"text\" name=\"your-name\" \/><\/span> <\/label>\n<\/p>\n<p><label> Tu email *<br \/>\n<span class=\"wpcf7-form-control-wrap\" data-name=\"your-email\"><input size=\"40\" maxlength=\"400\" class=\"wpcf7-form-control wpcf7-email wpcf7-validates-as-required wpcf7-text wpcf7-validates-as-email\" aria-required=\"true\" aria-invalid=\"false\" value=\"\" type=\"email\" name=\"your-email\" \/><\/span> <\/label>\n<\/p>\n<p><label> Asunto<br \/>\n<span class=\"wpcf7-form-control-wrap\" data-name=\"your-subject\"><input size=\"40\" maxlength=\"400\" class=\"wpcf7-form-control wpcf7-text\" aria-invalid=\"false\" value=\"\" type=\"text\" name=\"your-subject\" \/><\/span> <\/label>\n<\/p>\n<p><label> Tu mensaje<br \/>\n<span class=\"wpcf7-form-control-wrap\" data-name=\"your-message\"><textarea cols=\"40\" rows=\"10\" maxlength=\"2000\" class=\"wpcf7-form-control wpcf7-textarea\" aria-invalid=\"false\" name=\"your-message\"><\/textarea><\/span> <\/label><br \/>\n<label><span class=\"wpcf7-form-control-wrap\" data-name=\"privacidad\"><span class=\"wpcf7-form-control wpcf7-checkbox wpcf7-validates-as-required\"><span class=\"wpcf7-list-item first last\"><label><input type=\"checkbox\" name=\"privacidad[]\" value=\"\" \/><span class=\"wpcf7-list-item-label\"><\/span><\/label><\/span><\/span><\/span> He le\u00eddo y acepto la <a href=\"https:\/\/www.txantxangorri.info\/es\/politica-de-privacidad\/\">Pol\u00edtica de Privacidad<\/a> y consiento el tratamiento de mis datos personales<\/label>\n<\/p>\n<p><input class=\"wpcf7-form-control wpcf7-submit has-spinner\" type=\"submit\" value=\"Enviar\" \/>\n<\/p><div class=\"wpcf7-response-output\" aria-hidden=\"true\"><\/div>\n<\/form>\n<\/div>\n[\/vc_column_text][\/vc_column][\/vc_row][vc_row css_animation=\u00bb\u00bb row_type=\u00bbrow\u00bb use_row_as_full_screen_section=\u00bbno\u00bb type=\u00bbfull_width\u00bb angled_section=\u00bbno\u00bb text_align=\u00bbleft\u00bb background_image_as_pattern=\u00bbwithout_pattern\u00bb css=\u00bb.vc_custom_1611167755208{margin-top: 5% !important;}\u00bb z_index=\u00bb\u00bb][vc_column]<div class='google_map_shortcode_holder' style='height:600px;'><div class='qode_google_map' style='height:600px;' id='map_canvas_8729' data-addresses='[\"Herriko Plaza 2, bajo, 20270 Anoeta (Guip\u00fazcoa, Euskadi)\"]' data-custom-map-style='false' data-color-overlay='#393939' data-saturation='-100' data-lightness='-60' data-zoom='12' data-pin='https:\/\/www.txantxangorri.info\/wp-content\/uploads\/2020\/07\/pin-txantxangorri.png' data-unique-id='8729' data-google-maps-scroll-wheel='false' data-snazzy-map-style='yes' data-map-height='600'><\/div><input type=\"hidden\" class=\"qode-snazzy-map\" value=\"`{`\n{\n``featureType``: ``water``,\n``elementType``: ``geometry``,\n``stylers``: `{`\n{\n``visibility``: ``on``\n},\n{\n``color``: ``#aee2e0``\n}\n`}`\n},\n{\n``featureType``: ``landscape``,\n``elementType``: ``geometry.fill``,\n``stylers``: `{`\n{\n``color``: ``#abce83``\n}\n`}`\n},\n{\n``featureType``: ``poi``,\n``elementType``: ``geometry.fill``,\n``stylers``: `{`\n{\n``color``: ``#769E72``\n}\n`}`\n},\n{\n``featureType``: ``poi``,\n``elementType``: ``labels.text.fill``,\n``stylers``: `{`\n{\n``color``: ``#7B8758``\n}\n`}`\n},\n{\n``featureType``: ``poi``,\n``elementType``: ``labels.text.stroke``,\n``stylers``: `{`\n{\n``color``: ``#EBF4A4``\n}\n`}`\n},\n{\n``featureType``: ``poi.park``,\n``elementType``: ``geometry``,\n``stylers``: `{`\n{\n``visibility``: ``simplified``\n},\n{\n``color``: ``#8dab68``\n}\n`}`\n},\n{\n``featureType``: ``road``,\n``elementType``: ``geometry.fill``,\n``stylers``: `{`\n{\n``visibility``: ``simplified``\n}\n`}`\n},\n{\n``featureType``: ``road``,\n``elementType``: ``labels.text.fill``,\n``stylers``: `{`\n{\n``color``: ``#5B5B3F``\n}\n`}`\n},\n{\n``featureType``: ``road``,\n``elementType``: ``labels.text.stroke``,\n``stylers``: `{`\n{\n``color``: ``#ABCE83``\n}\n`}`\n},\n{\n``featureType``: ``road``,\n``elementType``: ``labels.icon``,\n``stylers``: `{`\n{\n``visibility``: ``off``\n}\n`}`\n},\n{\n``featureType``: ``road.local``,\n``elementType``: ``geometry``,\n``stylers``: `{`\n{\n``color``: ``#A4C67D``\n}\n`}`\n},\n{\n``featureType``: ``road.arterial``,\n``elementType``: ``geometry``,\n``stylers``: `{`\n{\n``color``: ``#9BBF72``\n}\n`}`\n},\n{\n``featureType``: ``road.highway``,\n``elementType``: ``geometry``,\n``stylers``: `{`\n{\n``color``: ``#EBF4A4``\n}\n`}`\n},\n{\n``featureType``: ``transit``,\n``stylers``: `{`\n{\n``visibility``: ``off``\n}\n`}`\n},\n{\n``featureType``: ``administrative``,\n``elementType``: ``geometry.stroke``,\n``stylers``: `{`\n{\n``visibility``: ``on``\n},\n{\n``color``: ``#87ae79``\n}\n`}`\n},\n{\n``featureType``: ``administrative``,\n``elementType``: ``geometry.fill``,\n``stylers``: `{`\n{\n``color``: ``#7f2200``\n},\n{\n``visibility``: ``off``\n}\n`}`\n},\n{\n``featureType``: ``administrative``,\n``elementType``: ``labels.text.stroke``,\n``stylers``: `{`\n{\n``color``: ``#ffffff``\n},\n{\n``visibility``: ``on``\n},\n{\n``weight``: 4.1\n}\n`}`\n},\n{\n``featureType``: ``administrative``,\n``elementType``: ``labels.text.fill``,\n``stylers``: `{`\n{\n``color``: ``#495421``\n}\n`}`\n},\n{\n``featureType``: ``administrative.neighborhood``,\n``elementType``: ``labels``,\n``stylers``: `{`\n{\n``visibility``: ``off``\n}\n`}`\n}\n`}`\" \/><div class='google_map_shortcode_overlay'><\/div><\/div>[\/vc_column][\/vc_row]<\/p>\n<\/div>","protected":false},"excerpt":{"rendered":"<p>[vc_row css_animation=\u00bb\u00bb row_type=\u00bbrow\u00bb use_row_as_full_screen_section=\u00bbno\u00bb type=\u00bbfull_width\u00bb angled_section=\u00bbno\u00bb text_align=\u00bbleft\u00bb background_image_as_pattern=\u00bbwithout_pattern\u00bb][vc_column width=\u00bb1\/2&#8243;][vc_column_text] \u00bfQuieres ponerte en contacto con nosotr@s? [\/vc_column_text][vc_empty_space][vc_column_text]Puedes contactar con nosotros a trav\u00e9s de diferentes medios. Si tienes dudas, preguntas, sugerencias, o incluso alguna cr\u00edtica escr\u00edbenos o ll\u00e1manos sin ning\u00fan compromiso, y te responderemos en cuanto nos&#8230;<\/p>\n","protected":false},"author":1,"featured_media":0,"parent":0,"menu_order":0,"comment_status":"closed","ping_status":"closed","template":"","meta":{"footnotes":""},"class_list":["post-2927","page","type-page","status-publish","hentry"],"_links":{"self":[{"href":"https:\/\/www.txantxangorri.info\/es\/wp-json\/wp\/v2\/pages\/2927","targetHints":{"allow":["GET"]}}],"collection":[{"href":"https:\/\/www.txantxangorri.info\/es\/wp-json\/wp\/v2\/pages"}],"about":[{"href":"https:\/\/www.txantxangorri.info\/es\/wp-json\/wp\/v2\/types\/page"}],"author":[{"embeddable":true,"href":"https:\/\/www.txantxangorri.info\/es\/wp-json\/wp\/v2\/users\/1"}],"replies":[{"embeddable":true,"href":"https:\/\/www.txantxangorri.info\/es\/wp-json\/wp\/v2\/comments?post=2927"}],"version-history":[{"count":25,"href":"https:\/\/www.txantxangorri.info\/es\/wp-json\/wp\/v2\/pages\/2927\/revisions"}],"predecessor-version":[{"id":5504,"href":"https:\/\/www.txantxangorri.info\/es\/wp-json\/wp\/v2\/pages\/2927\/revisions\/5504"}],"wp:attachment":[{"href":"https:\/\/www.txantxangorri.info\/es\/wp-json\/wp\/v2\/media?parent=2927"}],"curies":[{"name":"wp","href":"https:\/\/api.w.org\/{rel}","templated":true}]}}