{"id":2308,"date":"2020-07-23T13:02:22","date_gmt":"2020-07-23T11:02:22","guid":{"rendered":"https:\/\/www.txantxangorri.info\/?page_id=2308"},"modified":"2024-09-11T20:02:31","modified_gmt":"2024-09-11T19:02:31","slug":"quienes-somos","status":"publish","type":"page","link":"https:\/\/www.txantxangorri.info\/es\/quienes-somos\/","title":{"rendered":"\u00bfQuienes somos?"},"content":{"rendered":"<div class=\"wpb-content-wrapper\"><p>[vc_row css_animation=\u00bb\u00bb row_type=\u00bbrow\u00bb use_row_as_full_screen_section=\u00bbno\u00bb type=\u00bbfull_width\u00bb angled_section=\u00bbno\u00bb text_align=\u00bbleft\u00bb background_image_as_pattern=\u00bbwithout_pattern\u00bb][vc_column width=\u00bb2\/3&#8243;][vc_column_text]<\/p>\n<h2>Revista Txantxangorri<\/h2>\n<p>[\/vc_column_text][vc_empty_space][vc_column_text]Cercano, mirando al futuro desde el conocimiento de la tradici\u00f3n. Nos gusta conocer al vecino de al lado y trabajar juntos. Esta es la base de la revista Txantxangorri.<\/p>\n<p>&nbsp;<\/p>\n<p>Nacida en Anoeta, pero con Gipuzkoa en el punto de mira.[\/vc_column_text][\/vc_column][vc_column width=\u00bb1\/3&#8243;][vc_single_image image=\u00bb2210&#8243; img_size=\u00bbmedium\u00bb alignment=\u00bbcenter\u00bb onclick=\u00bblink_image\u00bb qode_css_animation=\u00bb\u00bb qode_hover_animation=\u00bbzoom_in\u00bb][\/vc_column][\/vc_row][vc_row css_animation=\u00bb\u00bb row_type=\u00bbrow\u00bb use_row_as_full_screen_section=\u00bbno\u00bb type=\u00bbfull_width\u00bb angled_section=\u00bbno\u00bb text_align=\u00bbleft\u00bb background_image_as_pattern=\u00bbwithout_pattern\u00bb css=\u00bb.vc_custom_1607538765503{margin-top: 5% !important;}\u00bb z_index=\u00bb\u00bb][vc_column][vc_separator type=\u00bbnormal\u00bb][\/vc_column][\/vc_row][vc_row css_animation=\u00bb\u00bb row_type=\u00bbrow\u00bb use_row_as_full_screen_section=\u00bbno\u00bb type=\u00bbfull_width\u00bb angled_section=\u00bbno\u00bb text_align=\u00bbleft\u00bb background_image_as_pattern=\u00bbwithout_pattern\u00bb css=\u00bb.vc_custom_1607538599496{margin-top: 5% !important;margin-bottom: 5% !important;}\u00bb z_index=\u00bb\u00bb][vc_column width=\u00bb1\/2&#8243;][vc_column_text]<\/p>\n<h3>Agurtzane Nu\u00f1ez Yarza<\/h3>\n<p>[\/vc_column_text][vc_zigzag color=\u00bbcustom\u00bb align=\u00bbleft\u00bb el_width=\u00bb20&#8243; custom_color=\u00bb#13a019&#8243;][vc_column_text]Una de las fundadoras de Txantxangorri aldizkaria. Licenciada en Periodismo y en Publicidad y Relaciones P\u00fablicas, M\u00e1ster Vocento de Periodismo Multimedia, y dinamizadora sociocultural.[\/vc_column_text][\/vc_column][vc_column width=\u00bb1\/2&#8243;][vc_column_text]<\/p>\n<h3>Amaia Nu\u00f1ez Yarza<\/h3>\n<p>[\/vc_column_text][vc_zigzag color=\u00bbcustom\u00bb align=\u00bbleft\u00bb el_width=\u00bb20&#8243; custom_color=\u00bb#13a019&#8243;][vc_column_text]Una de las fundadoras de Txantxangorri aldizkaria. Licenciada en Periodismo y en Publicidad y Relaciones P\u00fablicas, M\u00e1ster Vocento de Periodismo Multimedia, y dinamizadora sociocultural.[\/vc_column_text][\/vc_column][\/vc_row][vc_row css_animation=\u00bb\u00bb row_type=\u00bbrow\u00bb use_row_as_full_screen_section=\u00bbno\u00bb type=\u00bbfull_width\u00bb angled_section=\u00bbno\u00bb text_align=\u00bbleft\u00bb background_image_as_pattern=\u00bbwithout_pattern\u00bb][vc_column][vc_separator type=\u00bbnormal\u00bb][\/vc_column][\/vc_row][vc_row css_animation=\u00bb\u00bb row_type=\u00bbrow\u00bb use_row_as_full_screen_section=\u00bbno\u00bb type=\u00bbfull_width\u00bb angled_section=\u00bbno\u00bb text_align=\u00bbleft\u00bb background_image_as_pattern=\u00bbwithout_pattern\u00bb css=\u00bb.vc_custom_1607537871905{margin-top: 5% !important;}\u00bb z_index=\u00bb\u00bb][vc_column width=\u00bb1\/4&#8243;][vc_column_text]<\/p>\n<h3>Maite Villaverde &#8211; Mairus<\/h3>\n<p>[\/vc_column_text][vc_zigzag color=\u00bbcustom\u00bb align=\u00bbleft\u00bb el_width=\u00bb20&#8243; custom_color=\u00bb#13a019&#8243;][vc_column_text]Escribe poes\u00eda desde joven, y desde el 2012 las publica en la revista Txantxangorri. Tambi\u00e9n tiene su hueco en redes sociales.\u00a0<a href=\"https:\/\/www.facebook.com\/Mairus-1575889865771113\/\" target=\"_blank\" rel=\"noopener\" data-schema-attribute=\"mentions\">S\u00edguela aqu\u00ed<\/a>[\/vc_column_text][\/vc_column][vc_column width=\u00bb1\/4&#8243;][vc_column_text]<\/p>\n<h3>Olivia S\u00e1nchez<\/h3>\n<p>[\/vc_column_text][vc_zigzag color=\u00bbcustom\u00bb align=\u00bbleft\u00bb el_width=\u00bb20&#8243; custom_color=\u00bb#13a019&#8243;][vc_column_text]Dise\u00f1adora gr\u00e1fica por estudios, le gusta reutilizar materiales y dar una segunda vida a las cosas.[\/vc_column_text][\/vc_column][vc_column width=\u00bb1\/4&#8243;][vc_column_text]<\/p>\n<h3>Martin Garc\u00eda Garmendia<\/h3>\n<p>[\/vc_column_text][vc_zigzag color=\u00bbcustom\u00bb align=\u00bbleft\u00bb el_width=\u00bb20&#8243; custom_color=\u00bb#13a019&#8243;][vc_column_text]Historia, etnograf\u00eda, biolog\u00eda, escalada&#8230; ha colaborado en un sinfin de proyectos relacionados con la naturaleza. Miembro de Lemniskata, red ciudadana de ciencia de Goierri. Es autor de monogr\u00e1ficos en Beasaingo Paperak y en Lemniskata.[\/vc_column_text][\/vc_column][vc_column width=\u00bb1\/4&#8243;][vc_column_text]<\/p>\n<h3>Txomin Garmendia<\/h3>\n<p>[\/vc_column_text][vc_zigzag color=\u00bbcustom\u00bb align=\u00bbleft\u00bb el_width=\u00bb20&#8243; custom_color=\u00bb#13a019&#8243;][vc_column_text]Bertsolari, conoce bien el ambiente tradicional vasco, en lo que basa principalmente sus bertsos.[\/vc_column_text][\/vc_column][\/vc_row][vc_row css_animation=\u00bb\u00bb row_type=\u00bbrow\u00bb use_row_as_full_screen_section=\u00bbno\u00bb type=\u00bbfull_width\u00bb angled_section=\u00bbno\u00bb text_align=\u00bbleft\u00bb background_image_as_pattern=\u00bbwithout_pattern\u00bb css=\u00bb.vc_custom_1607537871905{margin-top: 5% !important;}\u00bb z_index=\u00bb\u00bb][vc_column width=\u00bb1\/4&#8243;][vc_column_text]<\/p>\n<h3>Jos\u00e9 Antonio Pagola<\/h3>\n<p>[\/vc_column_text][vc_zigzag color=\u00bbcustom\u00bb align=\u00bbleft\u00bb el_width=\u00bb20&#8243; custom_color=\u00bb#13a019&#8243;][vc_column_text]Teologo de renombre, ha publicado numerosos libros.[\/vc_column_text][\/vc_column][vc_column width=\u00bb1\/4&#8243;][vc_column_text]<\/p>\n<h3>Joxe Landa<\/h3>\n<p>[\/vc_column_text][vc_zigzag color=\u00bbcustom\u00bb align=\u00bbleft\u00bb el_width=\u00bb20&#8243; custom_color=\u00bb#13a019&#8243;][vc_column_text]Lleva a\u00f1os estudiando la meteorologia. Conoce bien la importancia de la predicci\u00f3n meteorol\u00f3gica en los trabajos de los caser\u00edos.[\/vc_column_text][\/vc_column][vc_column width=\u00bb1\/4&#8243;][vc_column_text]<\/p>\n<h3>Julian Bereciartua<\/h3>\n<p>[\/vc_column_text][vc_zigzag color=\u00bbcustom\u00bb align=\u00bbleft\u00bb el_width=\u00bb20&#8243; custom_color=\u00bb#13a019&#8243;][vc_column_text]M\u00e9dico de profesi\u00f3n y conocido dibulgador. Nunca se ha cansado de educar sobre salud y gastronom\u00eda. Ha publicado numerosos libros y art\u00edculos.[\/vc_column_text][\/vc_column][vc_column width=\u00bb1\/4&#8243;][vc_column_text]<\/p>\n<h3>Xabier Agirre<\/h3>\n<p>[\/vc_column_text][vc_zigzag color=\u00bbcustom\u00bb align=\u00bbleft\u00bb el_width=\u00bb20&#8243; custom_color=\u00bb#13a019&#8243;][vc_column_text]Aficionado a la historia y la arqueolog\u00eda desde j\u00f3ven, ha participado en numerosas excavaciones y ha estudiado los yacimientos tanto de Gipuzkoa como de otras provincias. Tambi\u00e9n ha realizado descubrimientos, que publica en la web <a href=\"http:\/\/www.euskal-herria.org\" target=\"_blank\" rel=\"noopener\" data-schema-attribute=\"mentions\">www.euskal-herria.org<\/a>.[\/vc_column_text][\/vc_column][\/vc_row][vc_row css_animation=\u00bb\u00bb row_type=\u00bbrow\u00bb use_row_as_full_screen_section=\u00bbno\u00bb type=\u00bbfull_width\u00bb angled_section=\u00bbno\u00bb text_align=\u00bbleft\u00bb background_image_as_pattern=\u00bbwithout_pattern\u00bb css=\u00bb.vc_custom_1607537871905{margin-top: 5% !important;}\u00bb z_index=\u00bb\u00bb][vc_column width=\u00bb1\/4&#8243;][vc_column_text]<\/p>\n<h3>Mikel Olano<\/h3>\n<p>[\/vc_column_text][vc_zigzag color=\u00bbcustom\u00bb align=\u00bbleft\u00bb el_width=\u00bb20&#8243; custom_color=\u00bb#13a019&#8243;][vc_column_text]Guarda forestal de profesi\u00f3n, un gran conocedor del mundo ornitol\u00f3gico.[\/vc_column_text][\/vc_column][vc_column width=\u00bb1\/4&#8243;][vc_column_text]<\/p>\n<h3>Alberto Gonz\u00e1lez<\/h3>\n<p>[\/vc_column_text][vc_zigzag color=\u00bbcustom\u00bb align=\u00bbleft\u00bb el_width=\u00bb20&#8243; custom_color=\u00bb#13a019&#8243;][vc_column_text]Licenciado en biolog\u00eda, en su web <a href=\"http:\/\/basozaina.com\" target=\"_blank\" rel=\"noopener\" data-schema-attribute=\"mentions\">Basozaina.com<\/a> trata temas de naturaleza, etnograf\u00eda y arqueolog\u00eda.[\/vc_column_text][\/vc_column][vc_column width=\u00bb1\/4&#8243;][vc_column_text]<\/p>\n<h3>Paco Lizarralde<\/h3>\n<p>[\/vc_column_text][vc_zigzag color=\u00bbcustom\u00bb align=\u00bbleft\u00bb el_width=\u00bb20&#8243; custom_color=\u00bb#13a019&#8243;][vc_column_text]Amante de la historia y de historias, ha colaborado en la publicaci\u00f3n de numerosos libros en los \u00faltimos a\u00f1os.[\/vc_column_text][\/vc_column][vc_column width=\u00bb1\/4&#8243;][\/vc_column][\/vc_row][vc_row css_animation=\u00bb\u00bb row_type=\u00bbrow\u00bb use_row_as_full_screen_section=\u00bbyes\u00bb type=\u00bbfull_width\u00bb angled_section=\u00bbno\u00bb text_align=\u00bbleft\u00bb background_image_as_pattern=\u00bbwithout_pattern\u00bb css=\u00bb.vc_custom_1665683940324{margin-top: 35px !important;margin-right: 0px !important;margin-bottom: 0px !important;margin-left: 0px !important;padding-top: 35px !important;padding-right: 35px !important;padding-bottom: 35px !important;padding-left: 35px !important;}\u00bb z_index=\u00bb\u00bb][vc_column width=\u00bb1\/3&#8243;][\/vc_column][vc_column width=\u00bb1\/3&#8243;][\/vc_column][vc_column width=\u00bb1\/3&#8243;][\/vc_column][\/vc_row]<\/p>\n<\/div>","protected":false},"excerpt":{"rendered":"<p>[vc_row css_animation=\u00bb\u00bb row_type=\u00bbrow\u00bb use_row_as_full_screen_section=\u00bbno\u00bb type=\u00bbfull_width\u00bb angled_section=\u00bbno\u00bb text_align=\u00bbleft\u00bb background_image_as_pattern=\u00bbwithout_pattern\u00bb][vc_column width=\u00bb2\/3&#8243;][vc_column_text] Revista Txantxangorri [\/vc_column_text][vc_empty_space][vc_column_text]Cercano, mirando al futuro desde el conocimiento de la tradici\u00f3n. Nos gusta conocer al vecino de al lado y trabajar juntos. Esta es la base de la revista Txantxangorri. &nbsp; Nacida en Anoeta, pero&#8230;<\/p>\n","protected":false},"author":1,"featured_media":0,"parent":0,"menu_order":0,"comment_status":"closed","ping_status":"closed","template":"","meta":{"footnotes":""},"class_list":["post-2308","page","type-page","status-publish","hentry"],"_links":{"self":[{"href":"https:\/\/www.txantxangorri.info\/es\/wp-json\/wp\/v2\/pages\/2308","targetHints":{"allow":["GET"]}}],"collection":[{"href":"https:\/\/www.txantxangorri.info\/es\/wp-json\/wp\/v2\/pages"}],"about":[{"href":"https:\/\/www.txantxangorri.info\/es\/wp-json\/wp\/v2\/types\/page"}],"author":[{"embeddable":true,"href":"https:\/\/www.txantxangorri.info\/es\/wp-json\/wp\/v2\/users\/1"}],"replies":[{"embeddable":true,"href":"https:\/\/www.txantxangorri.info\/es\/wp-json\/wp\/v2\/comments?post=2308"}],"version-history":[{"count":9,"href":"https:\/\/www.txantxangorri.info\/es\/wp-json\/wp\/v2\/pages\/2308\/revisions"}],"predecessor-version":[{"id":3983,"href":"https:\/\/www.txantxangorri.info\/es\/wp-json\/wp\/v2\/pages\/2308\/revisions\/3983"}],"wp:attachment":[{"href":"https:\/\/www.txantxangorri.info\/es\/wp-json\/wp\/v2\/media?parent=2308"}],"curies":[{"name":"wp","href":"https:\/\/api.w.org\/{rel}","templated":true}]}}