{"id":2304,"date":"2020-11-23T13:02:06","date_gmt":"2020-11-23T12:02:06","guid":{"rendered":"https:\/\/www.txantxangorri.info\/?page_id=2304"},"modified":"2024-09-11T19:34:34","modified_gmt":"2024-09-11T18:34:34","slug":"destacado","status":"publish","type":"page","link":"https:\/\/www.txantxangorri.info\/es\/destacado\/","title":{"rendered":"Destacado"},"content":{"rendered":"<div class=\"wpb-content-wrapper\"><p>[vc_row css_animation=\u00bb\u00bb row_type=\u00bbrow\u00bb use_row_as_full_screen_section=\u00bbno\u00bb type=\u00bbfull_width\u00bb angled_section=\u00bbno\u00bb text_align=\u00bbleft\u00bb background_image_as_pattern=\u00bbwithout_pattern\u00bb][vc_column]<div class=\"qode-news-holder qode-layout1 qode-news-columns-1 qode-nl-normal-space qode-center-alignment\"  data-post-status=publish data-category-name=nabarmendua data-ignore-sticky-posts=1 data-orderby=date data-posts-per-page=1 data-sort=latest data-paged=1 data-max-num-pages=181 data-next-page=2 data-title-tag=h2 data-image-size=portfolio-landscape data-display-categories=yes data-display-excerpt=yes data-excerpt-length=35 data-display-date=yes data-date-format=difference data-display-author=no data-display-share=no data-display-hot-trending-icons=no data-layout=qode_layout1><div class=\"qode-news-list-inner-holder\" data-number-of-items=\"1\"><div class=\"qode-news-item qode-layout1-item\">\n\t\t<div class=\"qode-news-item-image-holder\">\n\t\t\t<div class=\"qode-post-image\">\n\t    <a itemprop=\"url\" href=\"https:\/\/www.txantxangorri.info\/es\/unai-etxeberria-piloto-carreras\/\" title=\"Unai Etxeberria: \u00abTanto ver y ver, ha llegado la hora de hacer algo\u00bb\">\n                        <img decoding=\"async\" width=\"800\" height=\"600\" src=\"https:\/\/www.txantxangorri.info\/wp-content\/uploads\/2026\/04\/TX159-Unai-800x600.jpg\" class=\"attachment-portfolio-landscape size-portfolio-landscape wp-post-image\" alt=\"Unai etxeberria bere kotxearekin\" title=\"\">            \t    <\/a>\n\t<\/div>\n        <div class=\"qode-news-image-info-holder-left\">\n\t\t\t        <\/div>\n        <div class=\"qode-news-image-info-holder-right\">\n\t\t\t\t\t<\/div>\n\t<\/div>\n    \t<div class=\"qode-ni-content\">\n        \t<div class=\"qode-post-info-category\">\n\t\t<a href=\"https:\/\/www.txantxangorri.info\/es\/.\/deportes\/\"><span class=\"qode-category-name\" >Deportes <\/span><\/a><a href=\"https:\/\/www.txantxangorri.info\/es\/.\/destacado\/\"><span class=\"qode-category-name\" >Destacado <\/span><\/a>\t<\/div>\n\t\t\n<h2 itemprop=\"name\" class=\"entry-title qode-post-title\">\n    <a itemprop=\"url\" href=\"https:\/\/www.txantxangorri.info\/es\/unai-etxeberria-piloto-carreras\/\" title=\"Unai Etxeberria: \u00abTanto ver y ver, ha llegado la hora de hacer algo\u00bb\">\n        Unai Etxeberria: \u00abTanto ver y ver, ha llegado la hora de hacer algo\u00bb    <\/a>\n<\/h2>\t\t\n\n        <div class=\"qode-post-excerpt-holder\">\n            Unai Etxeberria ha pasado de ser espectador de carreras de coches a ser piloto en apenas seis meses. A sus diecinueve a\u00f1os, nunca pens\u00f3 que iba a participar en ninguna carrera, pero la casualidad se        <\/div>\n\n\t\t\t\t<div itemprop=\"dateCreated\" class=\"qode-post-info-date entry-date published updated\">\n\t    \t        <a itemprop=\"url\" href=\"https:\/\/www.txantxangorri.info\/es\/2026\/04\/\">\n\t            <i class=\"dripicons-alarm\"><\/i>\n    \t3 semanas hace        <\/a>\n\t    <meta itemprop=\"interactionCount\" content=\"UserComments: 0\"\/>\n\t<\/div>\n        \t<\/div>\n<\/div><\/div><\/div>[vc_empty_space height=\u00bb25px\u00bb][\/vc_column][\/vc_row][vc_row css_animation=\u00bb\u00bb row_type=\u00bbrow\u00bb use_row_as_full_screen_section=\u00bbno\u00bb type=\u00bbfull_width\u00bb angled_section=\u00bbno\u00bb text_align=\u00bbleft\u00bb background_image_as_pattern=\u00bbwithout_pattern\u00bb][vc_column]<div class=\"qode-news-holder qode-layout1 qode-news-pag-infinite-scroll qode-news-columns-3 qode-nl-normal-space qode-center-alignment\"  data-post-status=publish data-category-name=nabarmendua data-ignore-sticky-posts=1 data-orderby=date data-posts-per-page=6 data-sort=latest data-paged=1 data-offset=1 data-max-num-pages=30 data-next-page=2 data-title-tag=h3 data-image-size=portfolio-landscape data-display-categories=yes data-display-excerpt=no data-display-date=yes data-date-format=difference data-display-author=no data-display-share=no data-display-hot-trending-icons=no data-layout=qode_layout1><div class=\"qode-news-list-title-holder\"><h3 class=\"qode-news-layout-title\">Todas las noticias<\/h3><\/div><div class=\"qode-news-list-inner-holder\" data-number-of-items=\"3\"><div class=\"qode-news-item qode-layout1-item\">\n\t\t<div class=\"qode-news-item-image-holder\">\n\t\t\t<div class=\"qode-post-image\">\n\t    <a itemprop=\"url\" href=\"https:\/\/www.txantxangorri.info\/es\/coleccion-de-postales-del-pais-vasco\/\" title=\"Una de las mayores colecciones de postales del Pa\u00eds Vasco\">\n                        <img decoding=\"async\" width=\"800\" height=\"600\" src=\"https:\/\/www.txantxangorri.info\/wp-content\/uploads\/2026\/04\/TX159-postales-800x600.jpg\" class=\"attachment-portfolio-landscape size-portfolio-landscape wp-post-image\" alt=\"Cesareo ugarte con una parte de su colecci\u00f3n de postales\" title=\"\">            \t    <\/a>\n\t<\/div>\n        <div class=\"qode-news-image-info-holder-left\">\n\t\t\t        <\/div>\n        <div class=\"qode-news-image-info-holder-right\">\n\t\t\t\t\t<\/div>\n\t<\/div>\n    \t<div class=\"qode-ni-content\">\n        \t<div class=\"qode-post-info-category\">\n\t\t<a href=\"https:\/\/www.txantxangorri.info\/es\/.\/cultura\/\"><span class=\"qode-category-name\" >Cultura <\/span><\/a><a href=\"https:\/\/www.txantxangorri.info\/es\/.\/destacado\/\"><span class=\"qode-category-name\" >Destacado <\/span><\/a>\t<\/div>\n\t\t\n<h3 itemprop=\"name\" class=\"entry-title qode-post-title\">\n    <a itemprop=\"url\" href=\"https:\/\/www.txantxangorri.info\/es\/coleccion-de-postales-del-pais-vasco\/\" title=\"Una de las mayores colecciones de postales del Pa\u00eds Vasco\">\n        Una de las mayores colecciones de postales del Pa\u00eds Vasco    <\/a>\n<\/h3>\t\t\t\t\t<div itemprop=\"dateCreated\" class=\"qode-post-info-date entry-date published updated\">\n\t    \t        <a itemprop=\"url\" href=\"https:\/\/www.txantxangorri.info\/es\/2026\/04\/\">\n\t            <i class=\"dripicons-alarm\"><\/i>\n    \t4 semanas hace        <\/a>\n\t    <meta itemprop=\"interactionCount\" content=\"UserComments: 0\"\/>\n\t<\/div>\n        \t<\/div>\n<\/div><div class=\"qode-news-item qode-layout1-item\">\n\t\t<div class=\"qode-news-item-image-holder\">\n\t\t\t<div class=\"qode-post-image\">\n\t    <a itemprop=\"url\" href=\"https:\/\/www.txantxangorri.info\/es\/mate-plaza-matematicas-practicas\/\" title=\"\u2018Mate-plaza\u2019, matem\u00e1ticas pr\u00e1cticas en la calle\">\n                        <img decoding=\"async\" width=\"800\" height=\"600\" src=\"https:\/\/www.txantxangorri.info\/wp-content\/uploads\/2026\/03\/TX158-Mates-800x600.jpg\" class=\"attachment-portfolio-landscape size-portfolio-landscape wp-post-image\" alt=\"Matematicas Leminskata\" title=\"\">            \t    <\/a>\n\t<\/div>\n        <div class=\"qode-news-image-info-holder-left\">\n\t\t\t        <\/div>\n        <div class=\"qode-news-image-info-holder-right\">\n\t\t\t\t\t<\/div>\n\t<\/div>\n    \t<div class=\"qode-ni-content\">\n        \t<div class=\"qode-post-info-category\">\n\t\t<a href=\"https:\/\/www.txantxangorri.info\/es\/.\/cultura\/\"><span class=\"qode-category-name\" >Cultura <\/span><\/a><a href=\"https:\/\/www.txantxangorri.info\/es\/.\/destacado\/\"><span class=\"qode-category-name\" >Destacado <\/span><\/a>\t<\/div>\n\t\t\n<h3 itemprop=\"name\" class=\"entry-title qode-post-title\">\n    <a itemprop=\"url\" href=\"https:\/\/www.txantxangorri.info\/es\/mate-plaza-matematicas-practicas\/\" title=\"\u2018Mate-plaza\u2019, matem\u00e1ticas pr\u00e1cticas en la calle\">\n        \u2018Mate-plaza\u2019, matem\u00e1ticas pr\u00e1cticas en la calle    <\/a>\n<\/h3>\t\t\t\t\t<div itemprop=\"dateCreated\" class=\"qode-post-info-date entry-date published updated\">\n\t    \t        <a itemprop=\"url\" href=\"https:\/\/www.txantxangorri.info\/es\/2026\/03\/\">\n\t            <i class=\"dripicons-alarm\"><\/i>\n    \t2 meses hace        <\/a>\n\t    <meta itemprop=\"interactionCount\" content=\"UserComments: 0\"\/>\n\t<\/div>\n        \t<\/div>\n<\/div><div class=\"qode-news-item qode-layout1-item\">\n\t\t<div class=\"qode-news-item-image-holder\">\n\t\t\t<div class=\"qode-post-image\">\n\t    <a itemprop=\"url\" href=\"https:\/\/www.txantxangorri.info\/es\/aguado-sociedad-mineria-del-hierro\/\" title=\"Francisco Javier Aguado: \u00abNuestra sociedad se ha desarrollado por la miner\u00eda del hierro\u00bb\">\n                        <img decoding=\"async\" width=\"800\" height=\"600\" src=\"https:\/\/www.txantxangorri.info\/wp-content\/uploads\/2026\/03\/TX158-Minerales-800x600.jpg\" class=\"attachment-portfolio-landscape size-portfolio-landscape wp-post-image\" alt=\"Francisco Javier Aguado: \u00abNuestra sociedad se ha desarrollado por la miner\u00eda del hierro\u00bb\" title=\"\">            \t    <\/a>\n\t<\/div>\n        <div class=\"qode-news-image-info-holder-left\">\n\t\t\t        <\/div>\n        <div class=\"qode-news-image-info-holder-right\">\n\t\t\t\t\t<\/div>\n\t<\/div>\n    \t<div class=\"qode-ni-content\">\n        \t<div class=\"qode-post-info-category\">\n\t\t<a href=\"https:\/\/www.txantxangorri.info\/es\/.\/cultura\/\"><span class=\"qode-category-name\" >Cultura <\/span><\/a><a href=\"https:\/\/www.txantxangorri.info\/es\/.\/destacado\/\"><span class=\"qode-category-name\" >Destacado <\/span><\/a>\t<\/div>\n\t\t\n<h3 itemprop=\"name\" class=\"entry-title qode-post-title\">\n    <a itemprop=\"url\" href=\"https:\/\/www.txantxangorri.info\/es\/aguado-sociedad-mineria-del-hierro\/\" title=\"Francisco Javier Aguado: \u00abNuestra sociedad se ha desarrollado por la miner\u00eda del hierro\u00bb\">\n        Francisco Javier Aguado: \u00abNuestra sociedad se ha desarrollado por la miner\u00eda del hierro\u00bb    <\/a>\n<\/h3>\t\t\t\t\t<div itemprop=\"dateCreated\" class=\"qode-post-info-date entry-date published updated\">\n\t    \t        <a itemprop=\"url\" href=\"https:\/\/www.txantxangorri.info\/es\/2026\/03\/\">\n\t            <i class=\"dripicons-alarm\"><\/i>\n    \t2 meses hace        <\/a>\n\t    <meta itemprop=\"interactionCount\" content=\"UserComments: 0\"\/>\n\t<\/div>\n        \t<\/div>\n<\/div><div class=\"qode-news-item qode-layout1-item\">\n\t\t<div class=\"qode-news-item-image-holder\">\n\t\t\t<div class=\"qode-post-image\">\n\t    <a itemprop=\"url\" href=\"https:\/\/www.txantxangorri.info\/es\/alex-reguero-empece-bastones-buscando-ramas\/\" title=\"Alex Reguero: \u00abEmpec\u00e9 haciendo bastones, buscando ramas raras en el monte\u00bb\">\n                        <img decoding=\"async\" width=\"800\" height=\"600\" src=\"https:\/\/www.txantxangorri.info\/wp-content\/uploads\/2026\/01\/tx156_Talla-Alex-Reguero-800x600.jpg\" class=\"attachment-portfolio-landscape size-portfolio-landscape wp-post-image\" alt=\"Alex Reguero trabajando en una de sus \u00faltimas tallas.Fotograf\u00eda: Luismari N\u00fa\u00f1ez\" title=\"\">            \t    <\/a>\n\t<\/div>\n        <div class=\"qode-news-image-info-holder-left\">\n\t\t\t        <\/div>\n        <div class=\"qode-news-image-info-holder-right\">\n\t\t\t\t\t<\/div>\n\t<\/div>\n    \t<div class=\"qode-ni-content\">\n        \t<div class=\"qode-post-info-category\">\n\t\t<a href=\"https:\/\/www.txantxangorri.info\/es\/.\/cultura\/\"><span class=\"qode-category-name\" >Cultura <\/span><\/a><a href=\"https:\/\/www.txantxangorri.info\/es\/.\/destacado\/\"><span class=\"qode-category-name\" >Destacado <\/span><\/a>\t<\/div>\n\t\t\n<h3 itemprop=\"name\" class=\"entry-title qode-post-title\">\n    <a itemprop=\"url\" href=\"https:\/\/www.txantxangorri.info\/es\/alex-reguero-empece-bastones-buscando-ramas\/\" title=\"Alex Reguero: \u00abEmpec\u00e9 haciendo bastones, buscando ramas raras en el monte\u00bb\">\n        Alex Reguero: \u00abEmpec\u00e9 haciendo bastones, buscando ramas raras en el monte\u00bb    <\/a>\n<\/h3>\t\t\t\t\t<div itemprop=\"dateCreated\" class=\"qode-post-info-date entry-date published updated\">\n\t    \t        <a itemprop=\"url\" href=\"https:\/\/www.txantxangorri.info\/es\/2026\/01\/\">\n\t            <i class=\"dripicons-alarm\"><\/i>\n    \t4 meses hace        <\/a>\n\t    <meta itemprop=\"interactionCount\" content=\"UserComments: 0\"\/>\n\t<\/div>\n        \t<\/div>\n<\/div><div class=\"qode-news-item qode-layout1-item\">\n\t\t<div class=\"qode-news-item-image-holder\">\n\t\t\t<div class=\"qode-post-image\">\n\t    <a itemprop=\"url\" href=\"https:\/\/www.txantxangorri.info\/es\/primeros-aterrizajes-gipuzkoa\/\" title=\"Los primeros aterrizajes en Gipuzkoa\">\n                        <img decoding=\"async\" width=\"800\" height=\"600\" src=\"https:\/\/www.txantxangorri.info\/wp-content\/uploads\/2025\/12\/TX155_Aviacion-800x600.jpg\" class=\"attachment-portfolio-landscape size-portfolio-landscape wp-post-image\" alt=\"Los primeros aterrizajes en Gipuzkoa.\" title=\"\">            \t    <\/a>\n\t<\/div>\n        <div class=\"qode-news-image-info-holder-left\">\n\t\t\t        <\/div>\n        <div class=\"qode-news-image-info-holder-right\">\n\t\t\t\t\t<\/div>\n\t<\/div>\n    \t<div class=\"qode-ni-content\">\n        \t<div class=\"qode-post-info-category\">\n\t\t<a href=\"https:\/\/www.txantxangorri.info\/es\/.\/cultura\/\"><span class=\"qode-category-name\" >Cultura <\/span><\/a><a href=\"https:\/\/www.txantxangorri.info\/es\/.\/destacado\/\"><span class=\"qode-category-name\" >Destacado <\/span><\/a>\t<\/div>\n\t\t\n<h3 itemprop=\"name\" class=\"entry-title qode-post-title\">\n    <a itemprop=\"url\" href=\"https:\/\/www.txantxangorri.info\/es\/primeros-aterrizajes-gipuzkoa\/\" title=\"Los primeros aterrizajes en Gipuzkoa\">\n        Los primeros aterrizajes en Gipuzkoa    <\/a>\n<\/h3>\t\t\t\t\t<div itemprop=\"dateCreated\" class=\"qode-post-info-date entry-date published updated\">\n\t    \t        <a itemprop=\"url\" href=\"https:\/\/www.txantxangorri.info\/es\/2025\/12\/\">\n\t            <i class=\"dripicons-alarm\"><\/i>\n    \t4 meses hace        <\/a>\n\t    <meta itemprop=\"interactionCount\" content=\"UserComments: 0\"\/>\n\t<\/div>\n        \t<\/div>\n<\/div><div class=\"qode-news-item qode-layout1-item\">\n\t\t<div class=\"qode-news-item-image-holder\">\n\t\t\t<div class=\"qode-post-image\">\n\t    <a itemprop=\"url\" href=\"https:\/\/www.txantxangorri.info\/es\/pasion-barro-koki-hernandez\/\" title=\"La pasi\u00f3n por el barro de Koki Hern\u00e1ndez\">\n                        <img decoding=\"async\" width=\"800\" height=\"600\" src=\"https:\/\/www.txantxangorri.info\/wp-content\/uploads\/2025\/11\/TX154_Koki-800x600.jpg\" class=\"attachment-portfolio-landscape size-portfolio-landscape wp-post-image\" alt=\"Koki Hernandez junto a algunas esculturas de la exposici\u00f3n &#039;Barro emergido&#039;. N\u00fa\u00f1ez\" title=\"\">            \t    <\/a>\n\t<\/div>\n        <div class=\"qode-news-image-info-holder-left\">\n\t\t\t        <\/div>\n        <div class=\"qode-news-image-info-holder-right\">\n\t\t\t\t\t<\/div>\n\t<\/div>\n    \t<div class=\"qode-ni-content\">\n        \t<div class=\"qode-post-info-category\">\n\t\t<a href=\"https:\/\/www.txantxangorri.info\/es\/.\/cultura\/\"><span class=\"qode-category-name\" >Cultura <\/span><\/a><a href=\"https:\/\/www.txantxangorri.info\/es\/.\/destacado\/\"><span class=\"qode-category-name\" >Destacado <\/span><\/a>\t<\/div>\n\t\t\n<h3 itemprop=\"name\" class=\"entry-title qode-post-title\">\n    <a itemprop=\"url\" href=\"https:\/\/www.txantxangorri.info\/es\/pasion-barro-koki-hernandez\/\" title=\"La pasi\u00f3n por el barro de Koki Hern\u00e1ndez\">\n        La pasi\u00f3n por el barro de Koki Hern\u00e1ndez    <\/a>\n<\/h3>\t\t\t\t\t<div itemprop=\"dateCreated\" class=\"qode-post-info-date entry-date published updated\">\n\t    \t        <a itemprop=\"url\" href=\"https:\/\/www.txantxangorri.info\/es\/2025\/11\/\">\n\t            <i class=\"dripicons-alarm\"><\/i>\n    \t6 meses hace        <\/a>\n\t    <meta itemprop=\"interactionCount\" content=\"UserComments: 1\"\/>\n\t<\/div>\n        \t<\/div>\n<\/div><\/div>\t<div class=\"qode-news-pag-loading\">\n\t\t<div class=\"qode-news-pag-bounce1\"><\/div>\n\t\t<div class=\"qode-news-pag-bounce2\"><\/div>\n\t\t<div class=\"qode-news-pag-bounce3\"><\/div>\n\t<\/div>\n<\/div>[\/vc_column][\/vc_row]<\/p>\n<\/div>","protected":false},"excerpt":{"rendered":"<p>[vc_row css_animation=\u00bb\u00bb row_type=\u00bbrow\u00bb use_row_as_full_screen_section=\u00bbno\u00bb type=\u00bbfull_width\u00bb angled_section=\u00bbno\u00bb text_align=\u00bbleft\u00bb background_image_as_pattern=\u00bbwithout_pattern\u00bb][vc_column][vc_empty_space height=\u00bb25px\u00bb][\/vc_column][\/vc_row][vc_row css_animation=\u00bb\u00bb row_type=\u00bbrow\u00bb use_row_as_full_screen_section=\u00bbno\u00bb type=\u00bbfull_width\u00bb angled_section=\u00bbno\u00bb text_align=\u00bbleft\u00bb background_image_as_pattern=\u00bbwithout_pattern\u00bb][vc_column][\/vc_column][\/vc_row]<\/p>\n","protected":false},"author":1,"featured_media":0,"parent":0,"menu_order":0,"comment_status":"closed","ping_status":"closed","template":"","meta":{"footnotes":""},"class_list":["post-2304","page","type-page","status-publish","hentry"],"_links":{"self":[{"href":"https:\/\/www.txantxangorri.info\/es\/wp-json\/wp\/v2\/pages\/2304","targetHints":{"allow":["GET"]}}],"collection":[{"href":"https:\/\/www.txantxangorri.info\/es\/wp-json\/wp\/v2\/pages"}],"about":[{"href":"https:\/\/www.txantxangorri.info\/es\/wp-json\/wp\/v2\/types\/page"}],"author":[{"embeddable":true,"href":"https:\/\/www.txantxangorri.info\/es\/wp-json\/wp\/v2\/users\/1"}],"replies":[{"embeddable":true,"href":"https:\/\/www.txantxangorri.info\/es\/wp-json\/wp\/v2\/comments?post=2304"}],"version-history":[{"count":2,"href":"https:\/\/www.txantxangorri.info\/es\/wp-json\/wp\/v2\/pages\/2304\/revisions"}],"predecessor-version":[{"id":5518,"href":"https:\/\/www.txantxangorri.info\/es\/wp-json\/wp\/v2\/pages\/2304\/revisions\/5518"}],"wp:attachment":[{"href":"https:\/\/www.txantxangorri.info\/es\/wp-json\/wp\/v2\/media?parent=2304"}],"curies":[{"name":"wp","href":"https:\/\/api.w.org\/{rel}","templated":true}]}}