{"id":2293,"date":"2020-11-23T12:57:55","date_gmt":"2020-11-23T11:57:55","guid":{"rendered":"https:\/\/www.txantxangorri.info\/?page_id=2293"},"modified":"2024-09-11T19:40:02","modified_gmt":"2024-09-11T18:40:02","slug":"medio-ambiente","status":"publish","type":"page","link":"https:\/\/www.txantxangorri.info\/es\/medio-ambiente\/","title":{"rendered":"Medio ambiente"},"content":{"rendered":"<div class=\"wpb-content-wrapper\"><p>[vc_row css_animation=\u00bb\u00bb row_type=\u00bbrow\u00bb use_row_as_full_screen_section=\u00bbno\u00bb type=\u00bbfull_width\u00bb angled_section=\u00bbno\u00bb text_align=\u00bbleft\u00bb background_image_as_pattern=\u00bbwithout_pattern\u00bb][vc_column]<div class=\"qode-news-holder qode-layout1 qode-news-columns-1 qode-nl-normal-space qode-center-alignment\"  data-post-status=publish data-category-name=ingurumena data-ignore-sticky-posts=1 data-orderby=date data-posts-per-page=1 data-sort=latest data-paged=1 data-max-num-pages=61 data-next-page=2 data-title-tag=h2 data-image-size=portfolio-landscape data-display-categories=yes data-display-excerpt=yes data-excerpt-length=35 data-display-date=yes data-date-format=difference data-display-author=no data-display-share=no data-display-hot-trending-icons=no data-layout=qode_layout1><div class=\"qode-news-list-inner-holder\" data-number-of-items=\"1\"><div class=\"qode-news-item qode-layout1-item\">\n\t\t<div class=\"qode-news-item-image-holder\">\n\t\t\t<div class=\"qode-post-image\">\n\t    <a itemprop=\"url\" href=\"https:\/\/www.txantxangorri.info\/es\/cazadores-con-alma-cientifica\/\" title=\"Cazadores con alma cient\u00edfica\">\n                        <img decoding=\"async\" width=\"800\" height=\"600\" src=\"https:\/\/www.txantxangorri.info\/wp-content\/uploads\/2026\/04\/TX159-Becada-800x600.jpg\" class=\"attachment-portfolio-landscape size-portfolio-landscape wp-post-image\" alt=\"Becada en vuelo\" title=\"\">            \t    <\/a>\n\t<\/div>\n        <div class=\"qode-news-image-info-holder-left\">\n\t\t\t        <\/div>\n        <div class=\"qode-news-image-info-holder-right\">\n\t\t\t\t\t<\/div>\n\t<\/div>\n    \t<div class=\"qode-ni-content\">\n        \t<div class=\"qode-post-info-category\">\n\t\t<a href=\"https:\/\/www.txantxangorri.info\/es\/.\/cultura\/\"><span class=\"qode-category-name\" >Cultura <\/span><\/a><a href=\"https:\/\/www.txantxangorri.info\/es\/.\/medio-ambiente\/\"><span class=\"qode-category-name\" >Medio ambiente <\/span><\/a>\t<\/div>\n\t\t\n<h2 itemprop=\"name\" class=\"entry-title qode-post-title\">\n    <a itemprop=\"url\" href=\"https:\/\/www.txantxangorri.info\/es\/cazadores-con-alma-cientifica\/\" title=\"Cazadores con alma cient\u00edfica\">\n        Cazadores con alma cient\u00edfica    <\/a>\n<\/h2>\t\t\n\n        <div class=\"qode-post-excerpt-holder\">\n            Maritrapu naci\u00f3 en Rusia, pero todos los a\u00f1os regresa a la monta\u00f1a alavesa donde pasa el invierno. En quince meses realiz\u00f3 m\u00e1s de 20.000 kil\u00f3metros, desde que le colocaron un GPS a la espalda hasta        <\/div>\n\n\t\t\t\t<div itemprop=\"dateCreated\" class=\"qode-post-info-date entry-date published updated\">\n\t    \t        <a itemprop=\"url\" href=\"https:\/\/www.txantxangorri.info\/es\/2026\/04\/\">\n\t            <i class=\"dripicons-alarm\"><\/i>\n    \t3 semanas hace        <\/a>\n\t    <meta itemprop=\"interactionCount\" content=\"UserComments: 0\"\/>\n\t<\/div>\n        \t<\/div>\n<\/div><\/div><\/div>[vc_empty_space height=\u00bb25px\u00bb][\/vc_column][\/vc_row][vc_row css_animation=\u00bb\u00bb row_type=\u00bbrow\u00bb use_row_as_full_screen_section=\u00bbno\u00bb type=\u00bbfull_width\u00bb angled_section=\u00bbno\u00bb text_align=\u00bbleft\u00bb background_image_as_pattern=\u00bbwithout_pattern\u00bb][vc_column]<div class=\"qode-news-holder qode-layout1 qode-news-pag-infinite-scroll qode-news-columns-3 qode-nl-normal-space qode-center-alignment\"  data-post-status=publish data-category-name=ingurumena data-ignore-sticky-posts=1 data-orderby=date data-posts-per-page=6 data-sort=latest data-paged=1 data-offset=1 data-max-num-pages=10 data-next-page=2 data-title-tag=h3 data-image-size=portfolio-landscape data-display-categories=yes data-display-excerpt=no data-display-date=yes data-date-format=difference data-display-author=no data-display-share=no data-display-hot-trending-icons=no data-layout=qode_layout1><div class=\"qode-news-list-title-holder\"><h3 class=\"qode-news-layout-title\">Todas las noticias<\/h3><\/div><div class=\"qode-news-list-inner-holder\" data-number-of-items=\"3\"><div class=\"qode-news-item qode-layout1-item\">\n\t\t<div class=\"qode-news-item-image-holder\">\n\t\t\t<div class=\"qode-post-image\">\n\t    <a itemprop=\"url\" href=\"https:\/\/www.txantxangorri.info\/es\/catalogo-digital-fungi-50-micologia-aranzadi\/\" title=\"Publican el cat\u00e1logo digital fungi de Gipuzkoa para celebrar el 50 aniversario de la micolog\u00eda de Aranzadi\">\n                        <img decoding=\"async\" width=\"800\" height=\"600\" src=\"https:\/\/www.txantxangorri.info\/wp-content\/uploads\/2025\/10\/Aranzadi_mikologia-800x600.jpg\" class=\"attachment-portfolio-landscape size-portfolio-landscape wp-post-image\" alt=\"Fungi katalogo digitala aurkeztu du Aranzadiko mikologia sailak | La secci\u00f3n de mikologia de Aranzadi presenta el primer catalogo digital fungi\" title=\"\">            \t    <\/a>\n\t<\/div>\n        <div class=\"qode-news-image-info-holder-left\">\n\t\t\t        <\/div>\n        <div class=\"qode-news-image-info-holder-right\">\n\t\t\t\t\t<\/div>\n\t<\/div>\n    \t<div class=\"qode-ni-content\">\n        \t<div class=\"qode-post-info-category\">\n\t\t<a href=\"https:\/\/www.txantxangorri.info\/es\/.\/destacado\/\"><span class=\"qode-category-name\" >Destacado <\/span><\/a><a href=\"https:\/\/www.txantxangorri.info\/es\/.\/cultura\/\"><span class=\"qode-category-name\" >Cultura <\/span><\/a><a href=\"https:\/\/www.txantxangorri.info\/es\/.\/medio-ambiente\/\"><span class=\"qode-category-name\" >Medio ambiente <\/span><\/a>\t<\/div>\n\t\t\n<h3 itemprop=\"name\" class=\"entry-title qode-post-title\">\n    <a itemprop=\"url\" href=\"https:\/\/www.txantxangorri.info\/es\/catalogo-digital-fungi-50-micologia-aranzadi\/\" title=\"Publican el cat\u00e1logo digital fungi de Gipuzkoa para celebrar el 50 aniversario de la micolog\u00eda de Aranzadi\">\n        Publican el cat\u00e1logo digital fungi de Gipuzkoa para celebrar el 50 aniversario de la micolog\u00eda de Aranzadi    <\/a>\n<\/h3>\t\t\t\t\t<div itemprop=\"dateCreated\" class=\"qode-post-info-date entry-date published updated\">\n\t    \t        <a itemprop=\"url\" href=\"https:\/\/www.txantxangorri.info\/es\/2025\/10\/\">\n\t            <i class=\"dripicons-alarm\"><\/i>\n    \t6 meses hace        <\/a>\n\t    <meta itemprop=\"interactionCount\" content=\"UserComments: 0\"\/>\n\t<\/div>\n        \t<\/div>\n<\/div><div class=\"qode-news-item qode-layout1-item\">\n\t\t<div class=\"qode-news-item-image-holder\">\n\t\t\t<div class=\"qode-post-image\">\n\t    <a itemprop=\"url\" href=\"https:\/\/www.txantxangorri.info\/es\/jornadas-fagus-alkiza-biodiversidad\/\" title=\"Las jornadas divulgativas de Fagus Alkiza difundir\u00e1n la biodiversidad como reto colectivo\">\n                        <img decoding=\"async\" width=\"800\" height=\"600\" src=\"https:\/\/www.txantxangorri.info\/wp-content\/uploads\/2023\/12\/TX131_Biodiversidad-800x600.jpg\" class=\"attachment-portfolio-landscape size-portfolio-landscape wp-post-image\" alt=\"Biodiversidad urbana, \u00e1rboles en un parque. N\u00fa\u00f1ez\" title=\"\">            \t    <\/a>\n\t<\/div>\n        <div class=\"qode-news-image-info-holder-left\">\n\t\t\t        <\/div>\n        <div class=\"qode-news-image-info-holder-right\">\n\t\t\t\t\t<\/div>\n\t<\/div>\n    \t<div class=\"qode-ni-content\">\n        \t<div class=\"qode-post-info-category\">\n\t\t<a href=\"https:\/\/www.txantxangorri.info\/es\/.\/medio-ambiente\/\"><span class=\"qode-category-name\" >Medio ambiente <\/span><\/a><a href=\"https:\/\/www.txantxangorri.info\/es\/.\/ciencia\/\"><span class=\"qode-category-name\" >Ciencia <\/span><\/a><a href=\"https:\/\/www.txantxangorri.info\/es\/.\/destacado\/\"><span class=\"qode-category-name\" >Destacado <\/span><\/a>\t<\/div>\n\t\t\n<h3 itemprop=\"name\" class=\"entry-title qode-post-title\">\n    <a itemprop=\"url\" href=\"https:\/\/www.txantxangorri.info\/es\/jornadas-fagus-alkiza-biodiversidad\/\" title=\"Las jornadas divulgativas de Fagus Alkiza difundir\u00e1n la biodiversidad como reto colectivo\">\n        Las jornadas divulgativas de Fagus Alkiza difundir\u00e1n la biodiversidad como reto colectivo    <\/a>\n<\/h3>\t\t\t\t\t<div itemprop=\"dateCreated\" class=\"qode-post-info-date entry-date published updated\">\n\t    \t        <a itemprop=\"url\" href=\"https:\/\/www.txantxangorri.info\/es\/2025\/10\/\">\n\t            <i class=\"dripicons-alarm\"><\/i>\n    \t7 meses hace        <\/a>\n\t    <meta itemprop=\"interactionCount\" content=\"UserComments: 0\"\/>\n\t<\/div>\n        \t<\/div>\n<\/div><div class=\"qode-news-item qode-layout1-item\">\n\t\t<div class=\"qode-news-item-image-holder\">\n\t\t\t<div class=\"qode-post-image\">\n\t    <a itemprop=\"url\" href=\"https:\/\/www.txantxangorri.info\/es\/uniendo-bidania-y-goiatz\/\" title=\"Uniendo Bidania y Goiatz\">\n                        <img decoding=\"async\" width=\"800\" height=\"600\" src=\"https:\/\/www.txantxangorri.info\/wp-content\/uploads\/2025\/08\/tx151_Bidania-Goiatz-recorrido-800x600.jpg\" class=\"attachment-portfolio-landscape size-portfolio-landscape wp-post-image\" alt=\"Paseo por Bidania y Goiatz. Foto: Luismari N\u00fa\u00f1ez\" title=\"\">            \t    <\/a>\n\t<\/div>\n        <div class=\"qode-news-image-info-holder-left\">\n\t\t\t        <\/div>\n        <div class=\"qode-news-image-info-holder-right\">\n\t\t\t\t\t<\/div>\n\t<\/div>\n    \t<div class=\"qode-ni-content\">\n        \t<div class=\"qode-post-info-category\">\n\t\t<a href=\"https:\/\/www.txantxangorri.info\/es\/.\/medio-ambiente\/rutas\/\"><span class=\"qode-category-name\" >Rutas <\/span><\/a><a href=\"https:\/\/www.txantxangorri.info\/es\/.\/destacado\/\"><span class=\"qode-category-name\" >Destacado <\/span><\/a>\t<\/div>\n\t\t\n<h3 itemprop=\"name\" class=\"entry-title qode-post-title\">\n    <a itemprop=\"url\" href=\"https:\/\/www.txantxangorri.info\/es\/uniendo-bidania-y-goiatz\/\" title=\"Uniendo Bidania y Goiatz\">\n        Uniendo Bidania y Goiatz    <\/a>\n<\/h3>\t\t\t\t\t<div itemprop=\"dateCreated\" class=\"qode-post-info-date entry-date published updated\">\n\t    \t        <a itemprop=\"url\" href=\"https:\/\/www.txantxangorri.info\/es\/2025\/08\/\">\n\t            <i class=\"dripicons-alarm\"><\/i>\n    \t9 meses hace        <\/a>\n\t    <meta itemprop=\"interactionCount\" content=\"UserComments: 0\"\/>\n\t<\/div>\n        \t<\/div>\n<\/div><div class=\"qode-news-item qode-layout1-item\">\n\t\t<div class=\"qode-news-item-image-holder\">\n\t\t\t<div class=\"qode-post-image\">\n\t    <a itemprop=\"url\" href=\"https:\/\/www.txantxangorri.info\/es\/murumendi-entre-la-niebla\/\" title=\"Murumendi, ruta f\u00e1cil para llegar a la morada de Mari\">\n                        <img decoding=\"async\" width=\"800\" height=\"600\" src=\"https:\/\/www.txantxangorri.info\/wp-content\/uploads\/2025\/05\/TX148_Murumendi-800x600.jpg\" class=\"attachment-portfolio-landscape size-portfolio-landscape wp-post-image\" alt=\"Bosques camino a la cima de Murumendi. Fot: L-M- N\u00fa\u00f1ez\" title=\"\">            \t    <\/a>\n\t<\/div>\n        <div class=\"qode-news-image-info-holder-left\">\n\t\t\t        <\/div>\n        <div class=\"qode-news-image-info-holder-right\">\n\t\t\t\t\t<\/div>\n\t<\/div>\n    \t<div class=\"qode-ni-content\">\n        \t<div class=\"qode-post-info-category\">\n\t\t<a href=\"https:\/\/www.txantxangorri.info\/es\/.\/medio-ambiente\/rutas\/\"><span class=\"qode-category-name\" >Rutas <\/span><\/a><a href=\"https:\/\/www.txantxangorri.info\/es\/.\/destacado\/\"><span class=\"qode-category-name\" >Destacado <\/span><\/a>\t<\/div>\n\t\t\n<h3 itemprop=\"name\" class=\"entry-title qode-post-title\">\n    <a itemprop=\"url\" href=\"https:\/\/www.txantxangorri.info\/es\/murumendi-entre-la-niebla\/\" title=\"Murumendi, ruta f\u00e1cil para llegar a la morada de Mari\">\n        Murumendi, ruta f\u00e1cil para llegar a la morada de Mari    <\/a>\n<\/h3>\t\t\t\t\t<div itemprop=\"dateCreated\" class=\"qode-post-info-date entry-date published updated\">\n\t    \t        <a itemprop=\"url\" href=\"https:\/\/www.txantxangorri.info\/es\/2025\/05\/\">\n\t            <i class=\"dripicons-alarm\"><\/i>\n    \t12 meses hace        <\/a>\n\t    <meta itemprop=\"interactionCount\" content=\"UserComments: 1\"\/>\n\t<\/div>\n        \t<\/div>\n<\/div><div class=\"qode-news-item qode-layout1-item\">\n\t\t<div class=\"qode-news-item-image-holder\">\n\t\t\t<div class=\"qode-post-image\">\n\t    <a itemprop=\"url\" href=\"https:\/\/www.txantxangorri.info\/es\/fin-de-semana-be-berastegi-2025\/\" title=\"El fin de semana Be! pondr\u00e1 en valor la tradici\u00f3n pastoril de Berastegi del 28 al 30 de marzo\">\n                        <img decoding=\"async\" width=\"800\" height=\"600\" src=\"https:\/\/www.txantxangorri.info\/wp-content\/uploads\/2024\/02\/Be-asteburua-Berastegi-800x600.jpg\" class=\"attachment-portfolio-landscape size-portfolio-landscape wp-post-image\" alt=\"Be! artzain kultura asteburua ospatuko da Berastegin.\" title=\"\">            \t    <\/a>\n\t<\/div>\n        <div class=\"qode-news-image-info-holder-left\">\n\t\t\t        <\/div>\n        <div class=\"qode-news-image-info-holder-right\">\n\t\t\t\t\t<\/div>\n\t<\/div>\n    \t<div class=\"qode-ni-content\">\n        \t<div class=\"qode-post-info-category\">\n\t\t<a href=\"https:\/\/www.txantxangorri.info\/es\/.\/destacado\/\"><span class=\"qode-category-name\" >Destacado <\/span><\/a><a href=\"https:\/\/www.txantxangorri.info\/es\/.\/gastronomia-es\/\"><span class=\"qode-category-name\" >Gastronom\u00eda <\/span><\/a><a href=\"https:\/\/www.txantxangorri.info\/es\/.\/medio-ambiente\/\"><span class=\"qode-category-name\" >Medio ambiente <\/span><\/a>\t<\/div>\n\t\t\n<h3 itemprop=\"name\" class=\"entry-title qode-post-title\">\n    <a itemprop=\"url\" href=\"https:\/\/www.txantxangorri.info\/es\/fin-de-semana-be-berastegi-2025\/\" title=\"El fin de semana Be! pondr\u00e1 en valor la tradici\u00f3n pastoril de Berastegi del 28 al 30 de marzo\">\n        El fin de semana Be! pondr\u00e1 en valor la tradici\u00f3n pastoril de Berastegi del 28 al 30 de marzo    <\/a>\n<\/h3>\t\t\t\t\t<div itemprop=\"dateCreated\" class=\"qode-post-info-date entry-date published updated\">\n\t    \t        <a itemprop=\"url\" href=\"https:\/\/www.txantxangorri.info\/es\/2025\/03\/\">\n\t            <i class=\"dripicons-alarm\"><\/i>\n    \t1 a\u00f1o hace        <\/a>\n\t    <meta itemprop=\"interactionCount\" content=\"UserComments: 0\"\/>\n\t<\/div>\n        \t<\/div>\n<\/div><div class=\"qode-news-item qode-layout1-item\">\n\t\t<div class=\"qode-news-item-image-holder\">\n\t\t\t<div class=\"qode-post-image\">\n\t    <a itemprop=\"url\" href=\"https:\/\/www.txantxangorri.info\/es\/ruta-circular-por-embalse-de-barrendiola\/\" title=\"Ruta circular por el embalse de Barrendiola\">\n                        <img decoding=\"async\" width=\"800\" height=\"600\" src=\"https:\/\/www.txantxangorri.info\/wp-content\/uploads\/2025\/03\/TX146_Barrendiola-800x600.jpg\" class=\"attachment-portfolio-landscape size-portfolio-landscape wp-post-image\" alt=\"Embalse de Barrendiola en Brinkola. N\u00fa\u00f1ez\" title=\"\">            \t    <\/a>\n\t<\/div>\n        <div class=\"qode-news-image-info-holder-left\">\n\t\t\t        <\/div>\n        <div class=\"qode-news-image-info-holder-right\">\n\t\t\t\t\t<\/div>\n\t<\/div>\n    \t<div class=\"qode-ni-content\">\n        \t<div class=\"qode-post-info-category\">\n\t\t<a href=\"https:\/\/www.txantxangorri.info\/es\/.\/medio-ambiente\/rutas\/\"><span class=\"qode-category-name\" >Rutas <\/span><\/a><a href=\"https:\/\/www.txantxangorri.info\/es\/.\/destacado\/\"><span class=\"qode-category-name\" >Destacado <\/span><\/a>\t<\/div>\n\t\t\n<h3 itemprop=\"name\" class=\"entry-title qode-post-title\">\n    <a itemprop=\"url\" href=\"https:\/\/www.txantxangorri.info\/es\/ruta-circular-por-embalse-de-barrendiola\/\" title=\"Ruta circular por el embalse de Barrendiola\">\n        Ruta circular por el embalse de Barrendiola    <\/a>\n<\/h3>\t\t\t\t\t<div itemprop=\"dateCreated\" class=\"qode-post-info-date entry-date published updated\">\n\t    \t        <a itemprop=\"url\" href=\"https:\/\/www.txantxangorri.info\/es\/2025\/03\/\">\n\t            <i class=\"dripicons-alarm\"><\/i>\n    \t1 a\u00f1o hace        <\/a>\n\t    <meta itemprop=\"interactionCount\" content=\"UserComments: 0\"\/>\n\t<\/div>\n        \t<\/div>\n<\/div><\/div>\t<div class=\"qode-news-pag-loading\">\n\t\t<div class=\"qode-news-pag-bounce1\"><\/div>\n\t\t<div class=\"qode-news-pag-bounce2\"><\/div>\n\t\t<div class=\"qode-news-pag-bounce3\"><\/div>\n\t<\/div>\n<\/div>[\/vc_column][\/vc_row]<\/p>\n<\/div>","protected":false},"excerpt":{"rendered":"<p>[vc_row css_animation=\u00bb\u00bb row_type=\u00bbrow\u00bb use_row_as_full_screen_section=\u00bbno\u00bb type=\u00bbfull_width\u00bb angled_section=\u00bbno\u00bb text_align=\u00bbleft\u00bb background_image_as_pattern=\u00bbwithout_pattern\u00bb][vc_column][vc_empty_space height=\u00bb25px\u00bb][\/vc_column][\/vc_row][vc_row css_animation=\u00bb\u00bb row_type=\u00bbrow\u00bb use_row_as_full_screen_section=\u00bbno\u00bb type=\u00bbfull_width\u00bb angled_section=\u00bbno\u00bb text_align=\u00bbleft\u00bb background_image_as_pattern=\u00bbwithout_pattern\u00bb][vc_column][\/vc_column][\/vc_row]<\/p>\n","protected":false},"author":1,"featured_media":0,"parent":0,"menu_order":0,"comment_status":"closed","ping_status":"closed","template":"","meta":{"footnotes":""},"class_list":["post-2293","page","type-page","status-publish","hentry"],"_links":{"self":[{"href":"https:\/\/www.txantxangorri.info\/es\/wp-json\/wp\/v2\/pages\/2293","targetHints":{"allow":["GET"]}}],"collection":[{"href":"https:\/\/www.txantxangorri.info\/es\/wp-json\/wp\/v2\/pages"}],"about":[{"href":"https:\/\/www.txantxangorri.info\/es\/wp-json\/wp\/v2\/types\/page"}],"author":[{"embeddable":true,"href":"https:\/\/www.txantxangorri.info\/es\/wp-json\/wp\/v2\/users\/1"}],"replies":[{"embeddable":true,"href":"https:\/\/www.txantxangorri.info\/es\/wp-json\/wp\/v2\/comments?post=2293"}],"version-history":[{"count":2,"href":"https:\/\/www.txantxangorri.info\/es\/wp-json\/wp\/v2\/pages\/2293\/revisions"}],"predecessor-version":[{"id":5508,"href":"https:\/\/www.txantxangorri.info\/es\/wp-json\/wp\/v2\/pages\/2293\/revisions\/5508"}],"wp:attachment":[{"href":"https:\/\/www.txantxangorri.info\/es\/wp-json\/wp\/v2\/media?parent=2293"}],"curies":[{"name":"wp","href":"https:\/\/api.w.org\/{rel}","templated":true}]}}