{"id":2291,"date":"2020-11-23T12:56:51","date_gmt":"2020-11-23T11:56:51","guid":{"rendered":"https:\/\/www.txantxangorri.info\/?page_id=2291"},"modified":"2024-02-10T21:05:58","modified_gmt":"2024-02-10T20:05:58","slug":"gastronomia","status":"publish","type":"page","link":"https:\/\/www.txantxangorri.info\/es\/gastronomia\/","title":{"rendered":"Gastronom\u00eda"},"content":{"rendered":"<div class=\"wpb-content-wrapper\"><p>[vc_row css_animation=\u00bb\u00bb row_type=\u00bbrow\u00bb use_row_as_full_screen_section=\u00bbno\u00bb type=\u00bbfull_width\u00bb angled_section=\u00bbno\u00bb text_align=\u00bbleft\u00bb background_image_as_pattern=\u00bbwithout_pattern\u00bb][vc_column]<div class=\"qode-news-holder qode-layout1 qode-news-columns-1 qode-nl-normal-space qode-center-alignment\"  data-post-status=publish data-category-name=gastronomia data-ignore-sticky-posts=1 data-orderby=date data-posts-per-page=1 data-sort=latest data-paged=1 data-max-num-pages=26 data-next-page=2 data-title-tag=h2 data-image-size=portfolio-landscape data-display-categories=yes data-display-excerpt=yes data-excerpt-length=35 data-display-date=yes data-date-format=difference data-display-author=no data-display-share=no data-display-hot-trending-icons=no data-layout=qode_layout1><div class=\"qode-news-list-inner-holder\" data-number-of-items=\"1\"><div class=\"qode-news-item qode-layout1-item\">\n\t\t<div class=\"qode-news-item-image-holder\">\n\t\t\t<div class=\"qode-post-image\">\n\t    <a itemprop=\"url\" href=\"https:\/\/www.txantxangorri.info\/es\/la-feria-extraordinaria-de-las-fiestas-vascas-de-ordizia-se-celebrara-el-10-de-septiembre\/\" title=\"La Feria Extraordinaria de las Fiestas Vascas de Ordizia se celebrar\u00e1 el 10 de septiembre\">\n                        <img decoding=\"async\" width=\"800\" height=\"600\" src=\"https:\/\/www.txantxangorri.info\/wp-content\/uploads\/2024\/09\/Ordiziako-Euskal-Jaiak-2024-800x600.jpg\" class=\"attachment-portfolio-landscape size-portfolio-landscape wp-post-image\" alt=\"Ordiziako Euskal Jaiak 2024 Fiestas vascas de Ordizia 2024\" title=\"\">            \t    <\/a>\n\t<\/div>\n        <div class=\"qode-news-image-info-holder-left\">\n\t\t\t        <\/div>\n        <div class=\"qode-news-image-info-holder-right\">\n\t\t\t\t\t<\/div>\n\t<\/div>\n    \t<div class=\"qode-ni-content\">\n        \t<div class=\"qode-post-info-category\">\n\t\t<a href=\"https:\/\/www.txantxangorri.info\/es\/.\/gastronomia-es\/\"><span class=\"qode-category-name\" >Gastronom\u00eda <\/span><\/a><a href=\"https:\/\/www.txantxangorri.info\/es\/.\/cultura\/\"><span class=\"qode-category-name\" >Cultura <\/span><\/a><a href=\"https:\/\/www.txantxangorri.info\/es\/.\/destacado\/\"><span class=\"qode-category-name\" >Destacado <\/span><\/a>\t<\/div>\n\t\t\n<h2 itemprop=\"name\" class=\"entry-title qode-post-title\">\n    <a itemprop=\"url\" href=\"https:\/\/www.txantxangorri.info\/es\/la-feria-extraordinaria-de-las-fiestas-vascas-de-ordizia-se-celebrara-el-10-de-septiembre\/\" title=\"La Feria Extraordinaria de las Fiestas Vascas de Ordizia se celebrar\u00e1 el 10 de septiembre\">\n        La Feria Extraordinaria de las Fiestas Vascas de Ordizia se celebrar\u00e1 el 10 de septiembre    <\/a>\n<\/h2>\t\t\n\n        <div class=\"qode-post-excerpt-holder\">\n            El programa de septiembre ha llegado con fuerza a Ordizia como viene siendo habitual y un a\u00f1o m\u00e1s se han organizado las Fiestas Vascas. Durante una semana se llevar\u00e1n a cabo numerosas actividades basadas en        <\/div>\n\n\t\t\t\t<div itemprop=\"dateCreated\" class=\"qode-post-info-date entry-date published updated\">\n\t    \t        <a itemprop=\"url\" href=\"https:\/\/www.txantxangorri.info\/es\/2025\/09\/\">\n\t            <i class=\"dripicons-alarm\"><\/i>\n    \t7 meses hace        <\/a>\n\t    <meta itemprop=\"interactionCount\" content=\"UserComments: 0\"\/>\n\t<\/div>\n        \t<\/div>\n<\/div><\/div><\/div>[vc_empty_space height=\u00bb25px\u00bb][\/vc_column][\/vc_row][vc_row css_animation=\u00bb\u00bb row_type=\u00bbrow\u00bb use_row_as_full_screen_section=\u00bbno\u00bb type=\u00bbfull_width\u00bb angled_section=\u00bbno\u00bb text_align=\u00bbleft\u00bb background_image_as_pattern=\u00bbwithout_pattern\u00bb][vc_column]<div class=\"qode-news-holder qode-layout1 qode-news-pag-infinite-scroll qode-news-columns-3 qode-nl-normal-space qode-center-alignment\"  data-post-status=publish data-category-name=gastronomia data-ignore-sticky-posts=1 data-orderby=date data-posts-per-page=6 data-sort=latest data-paged=1 data-offset=1 data-max-num-pages=5 data-next-page=2 data-title-tag=h3 data-image-size=portfolio-landscape data-display-categories=yes data-display-excerpt=no data-display-date=yes data-date-format=difference data-display-author=no data-display-share=no data-display-hot-trending-icons=no data-layout=qode_layout1><div class=\"qode-news-list-title-holder\"><h3 class=\"qode-news-layout-title\">Todas las noticias<\/h3><\/div><div class=\"qode-news-list-inner-holder\" data-number-of-items=\"3\"><div class=\"qode-news-item qode-layout1-item\">\n\t\t<div class=\"qode-news-item-image-holder\">\n\t\t\t<div class=\"qode-post-image\">\n\t    <a itemprop=\"url\" href=\"https:\/\/www.txantxangorri.info\/es\/clara-gutierrez-comida-sea-medicina\/\" title=\"Clara Guti\u00e9rrez: \u00abQue tu comida sea tu medicina\u00bb\">\n                        <img decoding=\"async\" width=\"800\" height=\"600\" src=\"https:\/\/www.txantxangorri.info\/wp-content\/uploads\/2025\/09\/Tx152_hierbas-medicinales-800x600.jpg\" class=\"attachment-portfolio-landscape size-portfolio-landscape wp-post-image\" alt=\"Algunas de las hierbas explicadas por Clara Guti\u00e9rrez. Foto: N\u00fa\u00f1ez\" title=\"\">            \t    <\/a>\n\t<\/div>\n        <div class=\"qode-news-image-info-holder-left\">\n\t\t\t        <\/div>\n        <div class=\"qode-news-image-info-holder-right\">\n\t\t\t\t\t<\/div>\n\t<\/div>\n    \t<div class=\"qode-ni-content\">\n        \t<div class=\"qode-post-info-category\">\n\t\t<a href=\"https:\/\/www.txantxangorri.info\/es\/.\/gastronomia-es\/\"><span class=\"qode-category-name\" >Gastronom\u00eda <\/span><\/a><a href=\"https:\/\/www.txantxangorri.info\/es\/.\/destacado\/\"><span class=\"qode-category-name\" >Destacado <\/span><\/a>\t<\/div>\n\t\t\n<h3 itemprop=\"name\" class=\"entry-title qode-post-title\">\n    <a itemprop=\"url\" href=\"https:\/\/www.txantxangorri.info\/es\/clara-gutierrez-comida-sea-medicina\/\" title=\"Clara Guti\u00e9rrez: \u00abQue tu comida sea tu medicina\u00bb\">\n        Clara Guti\u00e9rrez: \u00abQue tu comida sea tu medicina\u00bb    <\/a>\n<\/h3>\t\t\t\t\t<div itemprop=\"dateCreated\" class=\"qode-post-info-date entry-date published updated\">\n\t    \t        <a itemprop=\"url\" href=\"https:\/\/www.txantxangorri.info\/es\/2025\/09\/\">\n\t            <i class=\"dripicons-alarm\"><\/i>\n    \t7 meses hace        <\/a>\n\t    <meta itemprop=\"interactionCount\" content=\"UserComments: 0\"\/>\n\t<\/div>\n        \t<\/div>\n<\/div><div class=\"qode-news-item qode-layout1-item\">\n\t\t<div class=\"qode-news-item-image-holder\">\n\t\t\t<div class=\"qode-post-image\">\n\t    <a itemprop=\"url\" href=\"https:\/\/www.txantxangorri.info\/es\/el-valor-del-trabajo-del-pastor\/\" title=\"El valor del trabajo  del pastor\">\n                        <img decoding=\"async\" width=\"800\" height=\"600\" src=\"https:\/\/www.txantxangorri.info\/wp-content\/uploads\/2025\/08\/tx151_Cofradiaa-800x600.jpg\" class=\"attachment-portfolio-landscape size-portfolio-landscape wp-post-image\" alt=\"El presidente de la cofrad\u00eda Jose Mari Ormaetxea entrega el premio a los pastores. Foto: Luismari N\u00fa\u00f1ez\" title=\"\">            \t    <\/a>\n\t<\/div>\n        <div class=\"qode-news-image-info-holder-left\">\n\t\t\t        <\/div>\n        <div class=\"qode-news-image-info-holder-right\">\n\t\t\t\t\t<\/div>\n\t<\/div>\n    \t<div class=\"qode-ni-content\">\n        \t<div class=\"qode-post-info-category\">\n\t\t<a href=\"https:\/\/www.txantxangorri.info\/es\/.\/gastronomia-es\/\"><span class=\"qode-category-name\" >Gastronom\u00eda <\/span><\/a><a href=\"https:\/\/www.txantxangorri.info\/es\/.\/destacado\/\"><span class=\"qode-category-name\" >Destacado <\/span><\/a>\t<\/div>\n\t\t\n<h3 itemprop=\"name\" class=\"entry-title qode-post-title\">\n    <a itemprop=\"url\" href=\"https:\/\/www.txantxangorri.info\/es\/el-valor-del-trabajo-del-pastor\/\" title=\"El valor del trabajo  del pastor\">\n        El valor del trabajo  del pastor    <\/a>\n<\/h3>\t\t\t\t\t<div itemprop=\"dateCreated\" class=\"qode-post-info-date entry-date published updated\">\n\t    \t        <a itemprop=\"url\" href=\"https:\/\/www.txantxangorri.info\/es\/2025\/08\/\">\n\t            <i class=\"dripicons-alarm\"><\/i>\n    \t9 meses hace        <\/a>\n\t    <meta itemprop=\"interactionCount\" content=\"UserComments: 0\"\/>\n\t<\/div>\n        \t<\/div>\n<\/div><div class=\"qode-news-item qode-layout1-item\">\n\t\t<div class=\"qode-news-item-image-holder\">\n\t\t\t<div class=\"qode-post-image\">\n\t    <a itemprop=\"url\" href=\"https:\/\/www.txantxangorri.info\/es\/sidrerias-urbanas\/\" title=\"Sidrer\u00edas urbanas\">\n                        <img decoding=\"async\" width=\"800\" height=\"600\" src=\"https:\/\/www.txantxangorri.info\/wp-content\/uploads\/2025\/04\/tx147_Sidras-Ordizia-800x600.jpg\" class=\"attachment-portfolio-landscape size-portfolio-landscape wp-post-image\" alt=\"Sidrer\u00edas urbanas en Ordizia. D&#039;elikatuz\" title=\"\">            \t    <\/a>\n\t<\/div>\n        <div class=\"qode-news-image-info-holder-left\">\n\t\t\t        <\/div>\n        <div class=\"qode-news-image-info-holder-right\">\n\t\t\t\t\t<\/div>\n\t<\/div>\n    \t<div class=\"qode-ni-content\">\n        \t<div class=\"qode-post-info-category\">\n\t\t<a href=\"https:\/\/www.txantxangorri.info\/es\/.\/destacado\/\"><span class=\"qode-category-name\" >Destacado <\/span><\/a><a href=\"https:\/\/www.txantxangorri.info\/es\/.\/gastronomia-es\/\"><span class=\"qode-category-name\" >Gastronom\u00eda <\/span><\/a>\t<\/div>\n\t\t\n<h3 itemprop=\"name\" class=\"entry-title qode-post-title\">\n    <a itemprop=\"url\" href=\"https:\/\/www.txantxangorri.info\/es\/sidrerias-urbanas\/\" title=\"Sidrer\u00edas urbanas\">\n        Sidrer\u00edas urbanas    <\/a>\n<\/h3>\t\t\t\t\t<div itemprop=\"dateCreated\" class=\"qode-post-info-date entry-date published updated\">\n\t    \t        <a itemprop=\"url\" href=\"https:\/\/www.txantxangorri.info\/es\/2025\/04\/\">\n\t            <i class=\"dripicons-alarm\"><\/i>\n    \t1 a\u00f1o hace        <\/a>\n\t    <meta itemprop=\"interactionCount\" content=\"UserComments: 0\"\/>\n\t<\/div>\n        \t<\/div>\n<\/div><div class=\"qode-news-item qode-layout1-item\">\n\t\t<div class=\"qode-news-item-image-holder\">\n\t\t\t<div class=\"qode-post-image\">\n\t    <a itemprop=\"url\" href=\"https:\/\/www.txantxangorri.info\/es\/fin-de-semana-be-berastegi-2025\/\" title=\"El fin de semana Be! pondr\u00e1 en valor la tradici\u00f3n pastoril de Berastegi del 28 al 30 de marzo\">\n                        <img decoding=\"async\" width=\"800\" height=\"600\" src=\"https:\/\/www.txantxangorri.info\/wp-content\/uploads\/2024\/02\/Be-asteburua-Berastegi-800x600.jpg\" class=\"attachment-portfolio-landscape size-portfolio-landscape wp-post-image\" alt=\"Be! artzain kultura asteburua ospatuko da Berastegin.\" title=\"\">            \t    <\/a>\n\t<\/div>\n        <div class=\"qode-news-image-info-holder-left\">\n\t\t\t        <\/div>\n        <div class=\"qode-news-image-info-holder-right\">\n\t\t\t\t\t<\/div>\n\t<\/div>\n    \t<div class=\"qode-ni-content\">\n        \t<div class=\"qode-post-info-category\">\n\t\t<a href=\"https:\/\/www.txantxangorri.info\/es\/.\/destacado\/\"><span class=\"qode-category-name\" >Destacado <\/span><\/a><a href=\"https:\/\/www.txantxangorri.info\/es\/.\/gastronomia-es\/\"><span class=\"qode-category-name\" >Gastronom\u00eda <\/span><\/a><a href=\"https:\/\/www.txantxangorri.info\/es\/.\/medio-ambiente\/\"><span class=\"qode-category-name\" >Medio ambiente <\/span><\/a>\t<\/div>\n\t\t\n<h3 itemprop=\"name\" class=\"entry-title qode-post-title\">\n    <a itemprop=\"url\" href=\"https:\/\/www.txantxangorri.info\/es\/fin-de-semana-be-berastegi-2025\/\" title=\"El fin de semana Be! pondr\u00e1 en valor la tradici\u00f3n pastoril de Berastegi del 28 al 30 de marzo\">\n        El fin de semana Be! pondr\u00e1 en valor la tradici\u00f3n pastoril de Berastegi del 28 al 30 de marzo    <\/a>\n<\/h3>\t\t\t\t\t<div itemprop=\"dateCreated\" class=\"qode-post-info-date entry-date published updated\">\n\t    \t        <a itemprop=\"url\" href=\"https:\/\/www.txantxangorri.info\/es\/2025\/03\/\">\n\t            <i class=\"dripicons-alarm\"><\/i>\n    \t1 a\u00f1o hace        <\/a>\n\t    <meta itemprop=\"interactionCount\" content=\"UserComments: 0\"\/>\n\t<\/div>\n        \t<\/div>\n<\/div><div class=\"qode-news-item qode-layout1-item\">\n\t\t<div class=\"qode-news-item-image-holder\">\n\t\t\t<div class=\"qode-post-image\">\n\t    <a itemprop=\"url\" href=\"https:\/\/www.txantxangorri.info\/es\/un-envoltorio-lleno-de-nutrientes\/\" title=\"Un envoltorio lleno de nutrientes\">\n                        <img decoding=\"async\" width=\"800\" height=\"600\" src=\"https:\/\/www.txantxangorri.info\/wp-content\/uploads\/2025\/03\/TX146_Cascara-fruta_Nawal-Escape-800x600.jpg\" class=\"attachment-portfolio-landscape size-portfolio-landscape wp-post-image\" alt=\"Envoltorio lleno de nutrientes.\" title=\"\">            \t    <\/a>\n\t<\/div>\n        <div class=\"qode-news-image-info-holder-left\">\n\t\t\t        <\/div>\n        <div class=\"qode-news-image-info-holder-right\">\n\t\t\t\t\t<\/div>\n\t<\/div>\n    \t<div class=\"qode-ni-content\">\n        \t<div class=\"qode-post-info-category\">\n\t\t<a href=\"https:\/\/www.txantxangorri.info\/es\/.\/gastronomia-es\/\"><span class=\"qode-category-name\" >Gastronom\u00eda <\/span><\/a><a href=\"https:\/\/www.txantxangorri.info\/es\/.\/destacado\/\"><span class=\"qode-category-name\" >Destacado <\/span><\/a>\t<\/div>\n\t\t\n<h3 itemprop=\"name\" class=\"entry-title qode-post-title\">\n    <a itemprop=\"url\" href=\"https:\/\/www.txantxangorri.info\/es\/un-envoltorio-lleno-de-nutrientes\/\" title=\"Un envoltorio lleno de nutrientes\">\n        Un envoltorio lleno de nutrientes    <\/a>\n<\/h3>\t\t\t\t\t<div itemprop=\"dateCreated\" class=\"qode-post-info-date entry-date published updated\">\n\t    \t        <a itemprop=\"url\" href=\"https:\/\/www.txantxangorri.info\/es\/2025\/03\/\">\n\t            <i class=\"dripicons-alarm\"><\/i>\n    \t1 a\u00f1o hace        <\/a>\n\t    <meta itemprop=\"interactionCount\" content=\"UserComments: 0\"\/>\n\t<\/div>\n        \t<\/div>\n<\/div><div class=\"qode-news-item qode-layout1-item\">\n\t\t<div class=\"qode-news-item-image-holder\">\n\t\t\t<div class=\"qode-post-image\">\n\t    <a itemprop=\"url\" href=\"https:\/\/www.txantxangorri.info\/es\/ardiki-eguna-zaldibia-mondejo-27-octubre\/\" title=\"El Ardiki Eguna se celebrar\u00e1 en Zaldibia el 27 de octubre\">\n                        <img decoding=\"async\" width=\"800\" height=\"600\" src=\"https:\/\/www.txantxangorri.info\/wp-content\/uploads\/2023\/10\/TX129_Ardiki-eguna-800x600.jpg\" class=\"attachment-portfolio-landscape size-portfolio-landscape wp-post-image\" alt=\"Ardiki kultur elkarteko kideak mondejuak prestatzen - Los miembros de Ardiki elkartea preparando los mondejos en el Ardiki eguna. N\u00fa\u00f1ez\" title=\"\">            \t    <\/a>\n\t<\/div>\n        <div class=\"qode-news-image-info-holder-left\">\n\t\t\t        <\/div>\n        <div class=\"qode-news-image-info-holder-right\">\n\t\t\t\t\t<\/div>\n\t<\/div>\n    \t<div class=\"qode-ni-content\">\n        \t<div class=\"qode-post-info-category\">\n\t\t<a href=\"https:\/\/www.txantxangorri.info\/es\/.\/destacado\/\"><span class=\"qode-category-name\" >Destacado <\/span><\/a><a href=\"https:\/\/www.txantxangorri.info\/es\/.\/gastronomia-es\/\"><span class=\"qode-category-name\" >Gastronom\u00eda <\/span><\/a>\t<\/div>\n\t\t\n<h3 itemprop=\"name\" class=\"entry-title qode-post-title\">\n    <a itemprop=\"url\" href=\"https:\/\/www.txantxangorri.info\/es\/ardiki-eguna-zaldibia-mondejo-27-octubre\/\" title=\"El Ardiki Eguna se celebrar\u00e1 en Zaldibia el 27 de octubre\">\n        El Ardiki Eguna se celebrar\u00e1 en Zaldibia el 27 de octubre    <\/a>\n<\/h3>\t\t\t\t\t<div itemprop=\"dateCreated\" class=\"qode-post-info-date entry-date published updated\">\n\t    \t        <a itemprop=\"url\" href=\"https:\/\/www.txantxangorri.info\/es\/2024\/10\/\">\n\t            <i class=\"dripicons-alarm\"><\/i>\n    \t1 a\u00f1o hace        <\/a>\n\t    <meta itemprop=\"interactionCount\" content=\"UserComments: 0\"\/>\n\t<\/div>\n        \t<\/div>\n<\/div><\/div>\t<div class=\"qode-news-pag-loading\">\n\t\t<div class=\"qode-news-pag-bounce1\"><\/div>\n\t\t<div class=\"qode-news-pag-bounce2\"><\/div>\n\t\t<div class=\"qode-news-pag-bounce3\"><\/div>\n\t<\/div>\n<\/div>[\/vc_column][\/vc_row]<\/p>\n<\/div>","protected":false},"excerpt":{"rendered":"<p>[vc_row css_animation=\u00bb\u00bb row_type=\u00bbrow\u00bb use_row_as_full_screen_section=\u00bbno\u00bb type=\u00bbfull_width\u00bb angled_section=\u00bbno\u00bb text_align=\u00bbleft\u00bb background_image_as_pattern=\u00bbwithout_pattern\u00bb][vc_column][vc_empty_space height=\u00bb25px\u00bb][\/vc_column][\/vc_row][vc_row css_animation=\u00bb\u00bb row_type=\u00bbrow\u00bb use_row_as_full_screen_section=\u00bbno\u00bb type=\u00bbfull_width\u00bb angled_section=\u00bbno\u00bb text_align=\u00bbleft\u00bb background_image_as_pattern=\u00bbwithout_pattern\u00bb][vc_column][\/vc_column][\/vc_row]<\/p>\n","protected":false},"author":1,"featured_media":0,"parent":0,"menu_order":0,"comment_status":"closed","ping_status":"closed","template":"","meta":{"footnotes":""},"class_list":["post-2291","page","type-page","status-publish","hentry"],"_links":{"self":[{"href":"https:\/\/www.txantxangorri.info\/es\/wp-json\/wp\/v2\/pages\/2291","targetHints":{"allow":["GET"]}}],"collection":[{"href":"https:\/\/www.txantxangorri.info\/es\/wp-json\/wp\/v2\/pages"}],"about":[{"href":"https:\/\/www.txantxangorri.info\/es\/wp-json\/wp\/v2\/types\/page"}],"author":[{"embeddable":true,"href":"https:\/\/www.txantxangorri.info\/es\/wp-json\/wp\/v2\/users\/1"}],"replies":[{"embeddable":true,"href":"https:\/\/www.txantxangorri.info\/es\/wp-json\/wp\/v2\/comments?post=2291"}],"version-history":[{"count":3,"href":"https:\/\/www.txantxangorri.info\/es\/wp-json\/wp\/v2\/pages\/2291\/revisions"}],"predecessor-version":[{"id":5505,"href":"https:\/\/www.txantxangorri.info\/es\/wp-json\/wp\/v2\/pages\/2291\/revisions\/5505"}],"wp:attachment":[{"href":"https:\/\/www.txantxangorri.info\/es\/wp-json\/wp\/v2\/media?parent=2291"}],"curies":[{"name":"wp","href":"https:\/\/api.w.org\/{rel}","templated":true}]}}